{"id":160,"date":"2024-09-04T21:48:52","date_gmt":"2024-09-04T21:48:52","guid":{"rendered":"https:\/\/agatakulbicka.pl\/?page_id=160"},"modified":"2025-10-26T20:34:57","modified_gmt":"2025-10-26T20:34:57","slug":"zamow","status":"publish","type":"page","link":"https:\/\/agatakulbicka.pl\/index.php\/zamow\/","title":{"rendered":"&#8222;Jeste\u015bmy sami&#8221; &#8211; wersja papierowa"},"content":{"rendered":"\n<hr class=\"wp-block-separator has-alpha-channel-opacity\"\/>\n\n\n\n<div class=\"wp-block-columns is-layout-flex wp-container-core-columns-is-layout-9d6595d7 wp-block-columns-is-layout-flex\">\n<div class=\"wp-block-column is-layout-flow wp-block-column-is-layout-flow\" style=\"flex-basis:33.33%\">\n<figure class=\"wp-block-gallery has-nested-images columns-default is-cropped wp-block-gallery-1 is-layout-flex wp-block-gallery-is-layout-flex\">\n<figure class=\"wp-block-image size-full\"><img loading=\"lazy\" decoding=\"async\" width=\"2152\" height=\"2634\" data-id=\"931\" src=\"https:\/\/agatakulbicka.pl\/wp-content\/uploads\/2024\/10\/okladka_zakladka.png\" alt=\"\" class=\"wp-image-931\" srcset=\"https:\/\/agatakulbicka.pl\/wp-content\/uploads\/2024\/10\/okladka_zakladka.png 2152w, https:\/\/agatakulbicka.pl\/wp-content\/uploads\/2024\/10\/okladka_zakladka-250x306.png 250w, https:\/\/agatakulbicka.pl\/wp-content\/uploads\/2024\/10\/okladka_zakladka-400x490.png 400w, https:\/\/agatakulbicka.pl\/wp-content\/uploads\/2024\/10\/okladka_zakladka-245x300.png 245w, https:\/\/agatakulbicka.pl\/wp-content\/uploads\/2024\/10\/okladka_zakladka-837x1024.png 837w, https:\/\/agatakulbicka.pl\/wp-content\/uploads\/2024\/10\/okladka_zakladka-768x940.png 768w, https:\/\/agatakulbicka.pl\/wp-content\/uploads\/2024\/10\/okladka_zakladka-1255x1536.png 1255w, https:\/\/agatakulbicka.pl\/wp-content\/uploads\/2024\/10\/okladka_zakladka-1673x2048.png 1673w, https:\/\/agatakulbicka.pl\/wp-content\/uploads\/2024\/10\/okladka_zakladka-1200x1469.png 1200w\" sizes=\"auto, (max-width: 709px) 85vw, (max-width: 909px) 67vw, (max-width: 1362px) 62vw, 840px\" \/><\/figure>\n<\/figure>\n<\/div>\n\n\n\n<div class=\"wp-block-column is-layout-flow wp-block-column-is-layout-flow\" style=\"flex-basis:66.66%\">\n<p style=\"line-height:0.6\">Tytu\u0142: JESTE\u015aMY SAMI<\/p>\n\n\n\n<p style=\"line-height:0.6\">Autorka: Agata Kulbicka<\/p>\n\n\n\n<p style=\"line-height:0.6\">Data premiery: 26.10.2024 r.<\/p>\n\n\n\n<p style=\"line-height:0.6\">Liczba stron: 200<\/p>\n\n\n\n<p style=\"line-height:0.6\">Oprawa: mi\u0119kka<\/p>\n\n\n\n<p style=\"line-height:0.6\">ISBN: 978-83-972251-0-7<\/p>\n\n\n\n<p style=\"line-height:0.6\"><\/p>\n\n\n\n<p style=\"line-height:0.6\"><br>Ksi\u0105\u017ck\u0119 mo\u017cesz zam\u00f3wi\u0107 w <\/p>\n\n\n\n<p class=\"has-medium-font-size\" style=\"line-height:0.6\">>> <a href=\"https:\/\/gabinetslowa.pl\/produkt\/jestesmy-sami-agata-kulbicka-kopia\/\" target=\"_blank\" rel=\"noreferrer noopener nofollow\">Sklepie Gabinetu S\u0142owa<\/a> &lt;&lt;<\/p>\n<\/div>\n<\/div>\n\n\n\n<hr class=\"wp-block-separator has-alpha-channel-opacity\"\/>\n\n\n\n<p class=\"has-medium-font-size\" id=\"zamow\" style=\"line-height:1.5;text-transform:uppercase\"><\/p>\n\n\n\n<p>Je\u015bli interesuje Ci\u0119 wersja elektroniczna, zajrzyj prosz\u0119 do zak\u0142adki <a href=\"https:\/\/agatakulbicka.pl\/index.php\/ebook\/\" data-type=\"page\" data-id=\"465\">EBOOK<\/a>.<\/p>\n","protected":false},"excerpt":{"rendered":"<p>Tytu\u0142: JESTE\u015aMY SAMI Autorka: Agata Kulbicka Data premiery: 26.10.2024 r. Liczba stron: 200 Oprawa: mi\u0119kka ISBN: 978-83-972251-0-7 Ksi\u0105\u017ck\u0119 mo\u017cesz zam\u00f3wi\u0107 w >> Sklepie Gabinetu S\u0142owa &lt;&lt; Je\u015bli interesuje Ci\u0119 wersja elektroniczna, zajrzyj prosz\u0119 do zak\u0142adki EBOOK.<\/p>\n","protected":false},"author":1,"featured_media":0,"parent":0,"menu_order":0,"comment_status":"closed","ping_status":"closed","template":"","meta":{"footnotes":""},"class_list":["post-160","page","type-page","status-publish","hentry"],"yoast_head":"<!-- This site is optimized with the Yoast SEO plugin v26.2 - https:\/\/yoast.com\/wordpress\/plugins\/seo\/ -->\n<title>&quot;Jeste\u015bmy sami&quot; - wersja papierowa - Agata Kulbicka<\/title>\n<meta name=\"robots\" content=\"index, follow, max-snippet:-1, max-image-preview:large, max-video-preview:-1\" \/>\n<link rel=\"canonical\" href=\"https:\/\/agatakulbicka.pl\/index.php\/zamow\/\" \/>\n<meta property=\"og:locale\" content=\"pl_PL\" \/>\n<meta property=\"og:type\" content=\"article\" \/>\n<meta property=\"og:title\" content=\"&quot;Jeste\u015bmy sami&quot; - wersja papierowa - Agata Kulbicka\" \/>\n<meta property=\"og:description\" content=\"Tytu\u0142: JESTE\u015aMY SAMI Autorka: Agata Kulbicka Data premiery: 26.10.2024 r. Liczba stron: 200 Oprawa: mi\u0119kka ISBN: 978-83-972251-0-7 Ksi\u0105\u017ck\u0119 mo\u017cesz zam\u00f3wi\u0107 w &gt;&gt; Sklepie Gabinetu S\u0142owa &lt;&lt; Je\u015bli interesuje Ci\u0119 wersja elektroniczna, zajrzyj prosz\u0119 do zak\u0142adki EBOOK.\" \/>\n<meta property=\"og:url\" content=\"https:\/\/agatakulbicka.pl\/index.php\/zamow\/\" \/>\n<meta property=\"og:site_name\" content=\"Agata Kulbicka\" \/>\n<meta property=\"article:publisher\" content=\"https:\/\/www.facebook.com\/kulbicka.agata\/\" \/>\n<meta property=\"article:modified_time\" content=\"2025-10-26T20:34:57+00:00\" \/>\n<meta property=\"og:image\" content=\"https:\/\/agatakulbicka.pl\/wp-content\/uploads\/2024\/10\/okladka_zakladka-837x1024.png\" \/>\n\t<meta property=\"og:image:width\" content=\"837\" \/>\n\t<meta property=\"og:image:height\" content=\"1024\" \/>\n\t<meta property=\"og:image:type\" content=\"image\/png\" \/>\n<meta name=\"twitter:card\" content=\"summary_large_image\" \/>\n<meta name=\"twitter:label1\" content=\"Szacowany czas czytania\" \/>\n\t<meta name=\"twitter:data1\" content=\"1 minuta\" \/>\n<script type=\"application\/ld+json\" class=\"yoast-schema-graph\">{\"@context\":\"https:\/\/schema.org\",\"@graph\":[{\"@type\":\"WebPage\",\"@id\":\"https:\/\/agatakulbicka.pl\/index.php\/zamow\/\",\"url\":\"https:\/\/agatakulbicka.pl\/index.php\/zamow\/\",\"name\":\"\\\"Jeste\u015bmy sami\\\" - wersja papierowa - Agata Kulbicka\",\"isPartOf\":{\"@id\":\"https:\/\/agatakulbicka.pl\/#website\"},\"primaryImageOfPage\":{\"@id\":\"https:\/\/agatakulbicka.pl\/index.php\/zamow\/#primaryimage\"},\"image\":{\"@id\":\"https:\/\/agatakulbicka.pl\/index.php\/zamow\/#primaryimage\"},\"thumbnailUrl\":\"https:\/\/agatakulbicka.pl\/wp-content\/uploads\/2024\/10\/okladka_zakladka.png\",\"datePublished\":\"2024-09-04T21:48:52+00:00\",\"dateModified\":\"2025-10-26T20:34:57+00:00\",\"breadcrumb\":{\"@id\":\"https:\/\/agatakulbicka.pl\/index.php\/zamow\/#breadcrumb\"},\"inLanguage\":\"pl-PL\",\"potentialAction\":[{\"@type\":\"ReadAction\",\"target\":[\"https:\/\/agatakulbicka.pl\/index.php\/zamow\/\"]}]},{\"@type\":\"ImageObject\",\"inLanguage\":\"pl-PL\",\"@id\":\"https:\/\/agatakulbicka.pl\/index.php\/zamow\/#primaryimage\",\"url\":\"https:\/\/agatakulbicka.pl\/wp-content\/uploads\/2024\/10\/okladka_zakladka.png\",\"contentUrl\":\"https:\/\/agatakulbicka.pl\/wp-content\/uploads\/2024\/10\/okladka_zakladka.png\",\"width\":2152,\"height\":2634},{\"@type\":\"BreadcrumbList\",\"@id\":\"https:\/\/agatakulbicka.pl\/index.php\/zamow\/#breadcrumb\",\"itemListElement\":[{\"@type\":\"ListItem\",\"position\":1,\"name\":\"Strona g\u0142\u00f3wna\",\"item\":\"https:\/\/agatakulbicka.pl\/\"},{\"@type\":\"ListItem\",\"position\":2,\"name\":\"&#8222;Jeste\u015bmy sami&#8221; &#8211; wersja papierowa\"}]},{\"@type\":\"WebSite\",\"@id\":\"https:\/\/agatakulbicka.pl\/#website\",\"url\":\"https:\/\/agatakulbicka.pl\/\",\"name\":\"Agata Kulbicka - Autorka Fantastyki Naukowej\",\"description\":\"Autorka Fantastyki Naukowej\",\"potentialAction\":[{\"@type\":\"SearchAction\",\"target\":{\"@type\":\"EntryPoint\",\"urlTemplate\":\"https:\/\/agatakulbicka.pl\/?s={search_term_string}\"},\"query-input\":{\"@type\":\"PropertyValueSpecification\",\"valueRequired\":true,\"valueName\":\"search_term_string\"}}],\"inLanguage\":\"pl-PL\"}]}<\/script>\n<!-- \/ Yoast SEO plugin. -->","yoast_head_json":{"title":"\"Jeste\u015bmy sami\" - wersja papierowa - Agata Kulbicka","robots":{"index":"index","follow":"follow","max-snippet":"max-snippet:-1","max-image-preview":"max-image-preview:large","max-video-preview":"max-video-preview:-1"},"canonical":"https:\/\/agatakulbicka.pl\/index.php\/zamow\/","og_locale":"pl_PL","og_type":"article","og_title":"\"Jeste\u015bmy sami\" - wersja papierowa - Agata Kulbicka","og_description":"Tytu\u0142: JESTE\u015aMY SAMI Autorka: Agata Kulbicka Data premiery: 26.10.2024 r. Liczba stron: 200 Oprawa: mi\u0119kka ISBN: 978-83-972251-0-7 Ksi\u0105\u017ck\u0119 mo\u017cesz zam\u00f3wi\u0107 w >> Sklepie Gabinetu S\u0142owa &lt;&lt; Je\u015bli interesuje Ci\u0119 wersja elektroniczna, zajrzyj prosz\u0119 do zak\u0142adki EBOOK.","og_url":"https:\/\/agatakulbicka.pl\/index.php\/zamow\/","og_site_name":"Agata Kulbicka","article_publisher":"https:\/\/www.facebook.com\/kulbicka.agata\/","article_modified_time":"2025-10-26T20:34:57+00:00","og_image":[{"width":837,"height":1024,"url":"https:\/\/agatakulbicka.pl\/wp-content\/uploads\/2024\/10\/okladka_zakladka-837x1024.png","type":"image\/png"}],"twitter_card":"summary_large_image","twitter_misc":{"Szacowany czas czytania":"1 minuta"},"schema":{"@context":"https:\/\/schema.org","@graph":[{"@type":"WebPage","@id":"https:\/\/agatakulbicka.pl\/index.php\/zamow\/","url":"https:\/\/agatakulbicka.pl\/index.php\/zamow\/","name":"\"Jeste\u015bmy sami\" - wersja papierowa - Agata Kulbicka","isPartOf":{"@id":"https:\/\/agatakulbicka.pl\/#website"},"primaryImageOfPage":{"@id":"https:\/\/agatakulbicka.pl\/index.php\/zamow\/#primaryimage"},"image":{"@id":"https:\/\/agatakulbicka.pl\/index.php\/zamow\/#primaryimage"},"thumbnailUrl":"https:\/\/agatakulbicka.pl\/wp-content\/uploads\/2024\/10\/okladka_zakladka.png","datePublished":"2024-09-04T21:48:52+00:00","dateModified":"2025-10-26T20:34:57+00:00","breadcrumb":{"@id":"https:\/\/agatakulbicka.pl\/index.php\/zamow\/#breadcrumb"},"inLanguage":"pl-PL","potentialAction":[{"@type":"ReadAction","target":["https:\/\/agatakulbicka.pl\/index.php\/zamow\/"]}]},{"@type":"ImageObject","inLanguage":"pl-PL","@id":"https:\/\/agatakulbicka.pl\/index.php\/zamow\/#primaryimage","url":"https:\/\/agatakulbicka.pl\/wp-content\/uploads\/2024\/10\/okladka_zakladka.png","contentUrl":"https:\/\/agatakulbicka.pl\/wp-content\/uploads\/2024\/10\/okladka_zakladka.png","width":2152,"height":2634},{"@type":"BreadcrumbList","@id":"https:\/\/agatakulbicka.pl\/index.php\/zamow\/#breadcrumb","itemListElement":[{"@type":"ListItem","position":1,"name":"Strona g\u0142\u00f3wna","item":"https:\/\/agatakulbicka.pl\/"},{"@type":"ListItem","position":2,"name":"&#8222;Jeste\u015bmy sami&#8221; &#8211; wersja papierowa"}]},{"@type":"WebSite","@id":"https:\/\/agatakulbicka.pl\/#website","url":"https:\/\/agatakulbicka.pl\/","name":"Agata Kulbicka - Autorka Fantastyki Naukowej","description":"Autorka Fantastyki Naukowej","potentialAction":[{"@type":"SearchAction","target":{"@type":"EntryPoint","urlTemplate":"https:\/\/agatakulbicka.pl\/?s={search_term_string}"},"query-input":{"@type":"PropertyValueSpecification","valueRequired":true,"valueName":"search_term_string"}}],"inLanguage":"pl-PL"}]}},"_links":{"self":[{"href":"https:\/\/agatakulbicka.pl\/index.php\/wp-json\/wp\/v2\/pages\/160","targetHints":{"allow":["GET"]}}],"collection":[{"href":"https:\/\/agatakulbicka.pl\/index.php\/wp-json\/wp\/v2\/pages"}],"about":[{"href":"https:\/\/agatakulbicka.pl\/index.php\/wp-json\/wp\/v2\/types\/page"}],"author":[{"embeddable":true,"href":"https:\/\/agatakulbicka.pl\/index.php\/wp-json\/wp\/v2\/users\/1"}],"replies":[{"embeddable":true,"href":"https:\/\/agatakulbicka.pl\/index.php\/wp-json\/wp\/v2\/comments?post=160"}],"version-history":[{"count":287,"href":"https:\/\/agatakulbicka.pl\/index.php\/wp-json\/wp\/v2\/pages\/160\/revisions"}],"predecessor-version":[{"id":1073,"href":"https:\/\/agatakulbicka.pl\/index.php\/wp-json\/wp\/v2\/pages\/160\/revisions\/1073"}],"wp:attachment":[{"href":"https:\/\/agatakulbicka.pl\/index.php\/wp-json\/wp\/v2\/media?parent=160"}],"curies":[{"name":"wp","href":"https:\/\/api.w.org\/{rel}","templated":true}]}}