{"id":385,"date":"2024-09-05T19:39:11","date_gmt":"2024-09-05T19:39:11","guid":{"rendered":"https:\/\/agatakulbicka.pl\/?page_id=385"},"modified":"2024-09-27T06:48:01","modified_gmt":"2024-09-27T06:48:01","slug":"o-mnie","status":"publish","type":"page","link":"https:\/\/agatakulbicka.pl\/index.php\/o-mnie\/","title":{"rendered":"O mnie"},"content":{"rendered":"\n<p><br>Absolwentka filologii klasycznej, zawodowo zwi\u0105zana z bran\u017c\u0105 IT.<\/p>\n\n\n\n<p>Publikowa\u0142a m.in. w &#8222;Uranii&#8221;, &#8222;Astronomii Amatorskiej&#8221; oraz w pi\u015bmie kulturalno-literackim &#8222;VariArt&#8221;.  W 2022 wzi\u0119\u0142a udzia\u0142 w konkursie na opowiadanie science fiction zorganizowanym przez Polsk\u0105 Fundacj\u0119 Fantastyki Naukowej. Jej historia, po rywalizacji z ogromn\u0105 liczb\u0105 fantastycznych opowiada\u0144, znalaz\u0142a si\u0119 w pierwszej dziesi\u0105tce. &#8222;Jeste\u015bmy sami&#8221; jest jej debiutem w pe\u0142niejszej formie i kontynuacj\u0105 przygody z fantastyk\u0105 o zabarwieniu naukowym oraz socjologicznym, a tak\u017ce po trosze filozoficznym. W zbiorze znajduje si\u0119 konkursowe opowiadanie pt. &#8222;Nowy Pigmalion&#8221;.<\/p>\n\n\n\n<p> Inspiruje si\u0119 szeroko poj\u0119t\u0105 fantastyk\u0105, a tak\u017ce czerpie gar\u015bciami ze spu\u015bcizny antycznej. Wielbicielka s\u0142owa, kt\u00f3re uznaje za najwi\u0119kszy wynalazek ludzko\u015bci. W wolnych chwilach w\u0119druje z aparatem w poszukiwaniu urzekaj\u0105cych kadr\u00f3w. <\/p>\n\n\n\n<p>Jest nie tylko autork\u0105 zbioru opowiada\u0144, ale tak\u017ce zdj\u0119\u0107 oraz projektu ok\u0142adki do nich.<\/p>\n\n\n\n<figure class=\"wp-block-gallery has-nested-images columns-default is-cropped wp-block-gallery-1 is-layout-flex wp-block-gallery-is-layout-flex\"><\/figure>\n","protected":false},"excerpt":{"rendered":"<p>Absolwentka filologii klasycznej, zawodowo zwi\u0105zana z bran\u017c\u0105 IT. Publikowa\u0142a m.in. w &#8222;Uranii&#8221;, &#8222;Astronomii Amatorskiej&#8221; oraz w pi\u015bmie kulturalno-literackim &#8222;VariArt&#8221;. W 2022 wzi\u0119\u0142a udzia\u0142 w konkursie na opowiadanie science fiction zorganizowanym przez Polsk\u0105 Fundacj\u0119 Fantastyki Naukowej. Jej historia, po rywalizacji z ogromn\u0105 liczb\u0105 fantastycznych opowiada\u0144, znalaz\u0142a si\u0119 w pierwszej dziesi\u0105tce. &#8222;Jeste\u015bmy sami&#8221; jest jej debiutem w &hellip; <a href=\"https:\/\/agatakulbicka.pl\/index.php\/o-mnie\/\" class=\"more-link\">Czytaj dalej<span class=\"screen-reader-text\"> \u201eO mnie\u201d<\/span><\/a><\/p>\n","protected":false},"author":1,"featured_media":0,"parent":0,"menu_order":0,"comment_status":"closed","ping_status":"closed","template":"","meta":{"footnotes":""},"class_list":["post-385","page","type-page","status-publish","hentry"],"yoast_head":"<!-- This site is optimized with the Yoast SEO plugin v26.2 - https:\/\/yoast.com\/wordpress\/plugins\/seo\/ -->\n<title>O mnie - Agata Kulbicka<\/title>\n<meta name=\"robots\" content=\"index, follow, max-snippet:-1, max-image-preview:large, max-video-preview:-1\" \/>\n<link rel=\"canonical\" href=\"https:\/\/agatakulbicka.pl\/index.php\/o-mnie\/\" \/>\n<meta property=\"og:locale\" content=\"pl_PL\" \/>\n<meta property=\"og:type\" content=\"article\" \/>\n<meta property=\"og:title\" content=\"O mnie - Agata Kulbicka\" \/>\n<meta property=\"og:description\" content=\"Absolwentka filologii klasycznej, zawodowo zwi\u0105zana z bran\u017c\u0105 IT. Publikowa\u0142a m.in. w &#8222;Uranii&#8221;, &#8222;Astronomii Amatorskiej&#8221; oraz w pi\u015bmie kulturalno-literackim &#8222;VariArt&#8221;. W 2022 wzi\u0119\u0142a udzia\u0142 w konkursie na opowiadanie science fiction zorganizowanym przez Polsk\u0105 Fundacj\u0119 Fantastyki Naukowej. Jej historia, po rywalizacji z ogromn\u0105 liczb\u0105 fantastycznych opowiada\u0144, znalaz\u0142a si\u0119 w pierwszej dziesi\u0105tce. &#8222;Jeste\u015bmy sami&#8221; jest jej debiutem w &hellip; Czytaj dalej \u201eO mnie\u201d\" \/>\n<meta property=\"og:url\" content=\"https:\/\/agatakulbicka.pl\/index.php\/o-mnie\/\" \/>\n<meta property=\"og:site_name\" content=\"Agata Kulbicka\" \/>\n<meta property=\"article:publisher\" content=\"https:\/\/www.facebook.com\/kulbicka.agata\/\" \/>\n<meta property=\"article:modified_time\" content=\"2024-09-27T06:48:01+00:00\" \/>\n<meta name=\"twitter:card\" content=\"summary_large_image\" \/>\n<meta name=\"twitter:label1\" content=\"Szacowany czas czytania\" \/>\n\t<meta name=\"twitter:data1\" content=\"1 minuta\" \/>\n<script type=\"application\/ld+json\" class=\"yoast-schema-graph\">{\"@context\":\"https:\/\/schema.org\",\"@graph\":[{\"@type\":\"WebPage\",\"@id\":\"https:\/\/agatakulbicka.pl\/index.php\/o-mnie\/\",\"url\":\"https:\/\/agatakulbicka.pl\/index.php\/o-mnie\/\",\"name\":\"O mnie - Agata Kulbicka\",\"isPartOf\":{\"@id\":\"https:\/\/agatakulbicka.pl\/#website\"},\"datePublished\":\"2024-09-05T19:39:11+00:00\",\"dateModified\":\"2024-09-27T06:48:01+00:00\",\"breadcrumb\":{\"@id\":\"https:\/\/agatakulbicka.pl\/index.php\/o-mnie\/#breadcrumb\"},\"inLanguage\":\"pl-PL\",\"potentialAction\":[{\"@type\":\"ReadAction\",\"target\":[\"https:\/\/agatakulbicka.pl\/index.php\/o-mnie\/\"]}]},{\"@type\":\"BreadcrumbList\",\"@id\":\"https:\/\/agatakulbicka.pl\/index.php\/o-mnie\/#breadcrumb\",\"itemListElement\":[{\"@type\":\"ListItem\",\"position\":1,\"name\":\"Strona g\u0142\u00f3wna\",\"item\":\"https:\/\/agatakulbicka.pl\/\"},{\"@type\":\"ListItem\",\"position\":2,\"name\":\"O mnie\"}]},{\"@type\":\"WebSite\",\"@id\":\"https:\/\/agatakulbicka.pl\/#website\",\"url\":\"https:\/\/agatakulbicka.pl\/\",\"name\":\"Agata Kulbicka - Autorka Fantastyki Naukowej\",\"description\":\"Autorka Fantastyki Naukowej\",\"potentialAction\":[{\"@type\":\"SearchAction\",\"target\":{\"@type\":\"EntryPoint\",\"urlTemplate\":\"https:\/\/agatakulbicka.pl\/?s={search_term_string}\"},\"query-input\":{\"@type\":\"PropertyValueSpecification\",\"valueRequired\":true,\"valueName\":\"search_term_string\"}}],\"inLanguage\":\"pl-PL\"}]}<\/script>\n<!-- \/ Yoast SEO plugin. -->","yoast_head_json":{"title":"O mnie - Agata Kulbicka","robots":{"index":"index","follow":"follow","max-snippet":"max-snippet:-1","max-image-preview":"max-image-preview:large","max-video-preview":"max-video-preview:-1"},"canonical":"https:\/\/agatakulbicka.pl\/index.php\/o-mnie\/","og_locale":"pl_PL","og_type":"article","og_title":"O mnie - Agata Kulbicka","og_description":"Absolwentka filologii klasycznej, zawodowo zwi\u0105zana z bran\u017c\u0105 IT. Publikowa\u0142a m.in. w &#8222;Uranii&#8221;, &#8222;Astronomii Amatorskiej&#8221; oraz w pi\u015bmie kulturalno-literackim &#8222;VariArt&#8221;. W 2022 wzi\u0119\u0142a udzia\u0142 w konkursie na opowiadanie science fiction zorganizowanym przez Polsk\u0105 Fundacj\u0119 Fantastyki Naukowej. Jej historia, po rywalizacji z ogromn\u0105 liczb\u0105 fantastycznych opowiada\u0144, znalaz\u0142a si\u0119 w pierwszej dziesi\u0105tce. &#8222;Jeste\u015bmy sami&#8221; jest jej debiutem w &hellip; Czytaj dalej \u201eO mnie\u201d","og_url":"https:\/\/agatakulbicka.pl\/index.php\/o-mnie\/","og_site_name":"Agata Kulbicka","article_publisher":"https:\/\/www.facebook.com\/kulbicka.agata\/","article_modified_time":"2024-09-27T06:48:01+00:00","twitter_card":"summary_large_image","twitter_misc":{"Szacowany czas czytania":"1 minuta"},"schema":{"@context":"https:\/\/schema.org","@graph":[{"@type":"WebPage","@id":"https:\/\/agatakulbicka.pl\/index.php\/o-mnie\/","url":"https:\/\/agatakulbicka.pl\/index.php\/o-mnie\/","name":"O mnie - Agata Kulbicka","isPartOf":{"@id":"https:\/\/agatakulbicka.pl\/#website"},"datePublished":"2024-09-05T19:39:11+00:00","dateModified":"2024-09-27T06:48:01+00:00","breadcrumb":{"@id":"https:\/\/agatakulbicka.pl\/index.php\/o-mnie\/#breadcrumb"},"inLanguage":"pl-PL","potentialAction":[{"@type":"ReadAction","target":["https:\/\/agatakulbicka.pl\/index.php\/o-mnie\/"]}]},{"@type":"BreadcrumbList","@id":"https:\/\/agatakulbicka.pl\/index.php\/o-mnie\/#breadcrumb","itemListElement":[{"@type":"ListItem","position":1,"name":"Strona g\u0142\u00f3wna","item":"https:\/\/agatakulbicka.pl\/"},{"@type":"ListItem","position":2,"name":"O mnie"}]},{"@type":"WebSite","@id":"https:\/\/agatakulbicka.pl\/#website","url":"https:\/\/agatakulbicka.pl\/","name":"Agata Kulbicka - Autorka Fantastyki Naukowej","description":"Autorka Fantastyki Naukowej","potentialAction":[{"@type":"SearchAction","target":{"@type":"EntryPoint","urlTemplate":"https:\/\/agatakulbicka.pl\/?s={search_term_string}"},"query-input":{"@type":"PropertyValueSpecification","valueRequired":true,"valueName":"search_term_string"}}],"inLanguage":"pl-PL"}]}},"_links":{"self":[{"href":"https:\/\/agatakulbicka.pl\/index.php\/wp-json\/wp\/v2\/pages\/385","targetHints":{"allow":["GET"]}}],"collection":[{"href":"https:\/\/agatakulbicka.pl\/index.php\/wp-json\/wp\/v2\/pages"}],"about":[{"href":"https:\/\/agatakulbicka.pl\/index.php\/wp-json\/wp\/v2\/types\/page"}],"author":[{"embeddable":true,"href":"https:\/\/agatakulbicka.pl\/index.php\/wp-json\/wp\/v2\/users\/1"}],"replies":[{"embeddable":true,"href":"https:\/\/agatakulbicka.pl\/index.php\/wp-json\/wp\/v2\/comments?post=385"}],"version-history":[{"count":15,"href":"https:\/\/agatakulbicka.pl\/index.php\/wp-json\/wp\/v2\/pages\/385\/revisions"}],"predecessor-version":[{"id":754,"href":"https:\/\/agatakulbicka.pl\/index.php\/wp-json\/wp\/v2\/pages\/385\/revisions\/754"}],"wp:attachment":[{"href":"https:\/\/agatakulbicka.pl\/index.php\/wp-json\/wp\/v2\/media?parent=385"}],"curies":[{"name":"wp","href":"https:\/\/api.w.org\/{rel}","templated":true}]}}