{"id":465,"date":"2024-09-06T11:23:26","date_gmt":"2024-09-06T11:23:26","guid":{"rendered":"https:\/\/agatakulbicka.pl\/?page_id=465"},"modified":"2024-10-26T04:18:24","modified_gmt":"2024-10-26T04:18:24","slug":"ebook","status":"publish","type":"page","link":"https:\/\/agatakulbicka.pl\/index.php\/ebook\/","title":{"rendered":"EBOOK"},"content":{"rendered":"\n<p class=\"has-text-align-center has-medium-font-size\">Czytaj jak lubisz!<\/p>\n\n\n\n<div class=\"wp-block-media-text is-stacked-on-mobile is-vertically-aligned-top\"><figure class=\"wp-block-media-text__media\"><img loading=\"lazy\" decoding=\"async\" width=\"1024\" height=\"1024\" src=\"https:\/\/agatakulbicka.pl\/wp-content\/uploads\/2024\/09\/1Ebook_phone_444_BEZ_TLA-1024x1024.png\" alt=\"\" class=\"wp-image-647 size-full\" srcset=\"https:\/\/agatakulbicka.pl\/wp-content\/uploads\/2024\/09\/1Ebook_phone_444_BEZ_TLA-1024x1024.png 1024w, https:\/\/agatakulbicka.pl\/wp-content\/uploads\/2024\/09\/1Ebook_phone_444_BEZ_TLA-250x250.png 250w, https:\/\/agatakulbicka.pl\/wp-content\/uploads\/2024\/09\/1Ebook_phone_444_BEZ_TLA-100x100.png 100w, https:\/\/agatakulbicka.pl\/wp-content\/uploads\/2024\/09\/1Ebook_phone_444_BEZ_TLA-400x400.png 400w, https:\/\/agatakulbicka.pl\/wp-content\/uploads\/2024\/09\/1Ebook_phone_444_BEZ_TLA-300x300.png 300w, https:\/\/agatakulbicka.pl\/wp-content\/uploads\/2024\/09\/1Ebook_phone_444_BEZ_TLA-150x150.png 150w, https:\/\/agatakulbicka.pl\/wp-content\/uploads\/2024\/09\/1Ebook_phone_444_BEZ_TLA-768x768.png 768w, https:\/\/agatakulbicka.pl\/wp-content\/uploads\/2024\/09\/1Ebook_phone_444_BEZ_TLA.png 1080w\" sizes=\"auto, (max-width: 709px) 85vw, (max-width: 909px) 67vw, (max-width: 1362px) 62vw, 840px\" \/><\/figure><div class=\"wp-block-media-text__content\">\n<p style=\"line-height:0.2\">Dost\u0119pne w:<\/p>\n\n\n\n<p class=\"has-medium-font-size\" style=\"line-height:0.5\">\u2799 <a href=\"https:\/\/www.legimi.pl\/ebook-jestesmy-sami-agata-kulbicka,b1285794.html\" data-type=\"link\" data-id=\"https:\/\/www.legimi.pl\/ebook-jestesmy-sami-agata-kulbicka,b1285794.html\" target=\"_blank\" rel=\"noreferrer noopener nofollow\">Legimi<\/a><\/p>\n\n\n\n<p class=\"has-medium-font-size\" style=\"line-height:0.5\">\u2799 <a href=\"https:\/\/www.empik.com\/jestesmy-sami-ebook-pdf-agata-kulbicka,p1535514040,ebooki-i-mp3-p?fromSearchQuery=kulbicka\" data-type=\"link\" data-id=\"https:\/\/www.empik.com\/jestesmy-sami-ebook-pdf-agata-kulbicka,p1535514040,ebooki-i-mp3-p?fromSearchQuery=kulbicka\" target=\"_blank\" rel=\"noreferrer noopener nofollow\">Empik.com<\/a><\/p>\n\n\n\n<p class=\"has-medium-font-size\" style=\"line-height:0.5\">\u2799 <a href=\"https:\/\/ebookpoint.pl\/ksiazki\/jestesmy-sami-agata-kulbicka,s_01vi.htm#format\/e\" target=\"_blank\" rel=\"noreferrer noopener nofollow\">EbookPoint<\/a><br><\/p>\n\n\n\n<p style=\"line-height:1.5\">Wolisz wersj\u0119 papierow\u0105? <\/p>\n\n\n\n<p class=\"has-medium-font-size\" style=\"line-height:1.5\"><a href=\"https:\/\/agatakulbicka.pl\/index.php\/zamow\/\" data-type=\"page\" data-id=\"160\">&gt;&gt;ZAM\u00d3W TU&lt;&lt;<\/a><br><\/p>\n<\/div><\/div>\n\n\n\n<p class=\"has-text-align-center\" style=\"line-height:0.2\">Tytu\u0142: JESTE\u015aMY SAMI<\/p>\n\n\n\n<p class=\"has-text-align-center\" style=\"line-height:0.2\">Autorka: Agata Kulbicka<\/p>\n\n\n\n<p class=\"has-text-align-center\" style=\"line-height:0.2\">Data premiery: 26.10.2024 r.<\/p>\n\n\n\n<p class=\"has-text-align-center\" style=\"line-height:0.2\">Liczba stron: 200<\/p>\n\n\n\n<p class=\"has-text-align-center\" style=\"line-height:0.2\">Oprawa: mi\u0119kka<\/p>\n\n\n\n<p class=\"has-text-align-center\" style=\"line-height:0.2\">Formaty: EPUB, MOBI, PDF<\/p>\n\n\n\n<p class=\"has-text-align-center\" style=\"line-height:1.5\">ISBN: 978-83-972251-1-4,  978-83-972251-2-1<\/p>\n","protected":false},"excerpt":{"rendered":"<p>Czytaj jak lubisz! Dost\u0119pne w: \u2799 Legimi \u2799 Empik.com \u2799 EbookPoint Wolisz wersj\u0119 papierow\u0105? &gt;&gt;ZAM\u00d3W TU&lt;&lt; Tytu\u0142: JESTE\u015aMY SAMI Autorka: Agata Kulbicka Data premiery: 26.10.2024 r. Liczba stron: 200 Oprawa: mi\u0119kka Formaty: EPUB, MOBI, PDF ISBN: 978-83-972251-1-4, 978-83-972251-2-1<\/p>\n","protected":false},"author":1,"featured_media":0,"parent":0,"menu_order":0,"comment_status":"closed","ping_status":"closed","template":"","meta":{"footnotes":""},"class_list":["post-465","page","type-page","status-publish","hentry"],"yoast_head":"<!-- This site is optimized with the Yoast SEO plugin v26.2 - https:\/\/yoast.com\/wordpress\/plugins\/seo\/ -->\n<title>EBOOK - Agata Kulbicka<\/title>\n<meta name=\"robots\" content=\"index, follow, max-snippet:-1, max-image-preview:large, max-video-preview:-1\" \/>\n<link rel=\"canonical\" href=\"https:\/\/agatakulbicka.pl\/index.php\/ebook\/\" \/>\n<meta property=\"og:locale\" content=\"pl_PL\" \/>\n<meta property=\"og:type\" content=\"article\" \/>\n<meta property=\"og:title\" content=\"EBOOK - Agata Kulbicka\" \/>\n<meta property=\"og:description\" content=\"Czytaj jak lubisz! Dost\u0119pne w: \u2799 Legimi \u2799 Empik.com \u2799 EbookPoint Wolisz wersj\u0119 papierow\u0105? &gt;&gt;ZAM\u00d3W TU&lt;&lt; Tytu\u0142: JESTE\u015aMY SAMI Autorka: Agata Kulbicka Data premiery: 26.10.2024 r. Liczba stron: 200 Oprawa: mi\u0119kka Formaty: EPUB, MOBI, PDF ISBN: 978-83-972251-1-4, 978-83-972251-2-1\" \/>\n<meta property=\"og:url\" content=\"https:\/\/agatakulbicka.pl\/index.php\/ebook\/\" \/>\n<meta property=\"og:site_name\" content=\"Agata Kulbicka\" \/>\n<meta property=\"article:publisher\" content=\"https:\/\/www.facebook.com\/kulbicka.agata\/\" \/>\n<meta property=\"article:modified_time\" content=\"2024-10-26T04:18:24+00:00\" \/>\n<meta property=\"og:image\" content=\"https:\/\/agatakulbicka.pl\/wp-content\/uploads\/2024\/09\/1Ebook_phone_444_BEZ_TLA.png\" \/>\n\t<meta property=\"og:image:width\" content=\"1080\" \/>\n\t<meta property=\"og:image:height\" content=\"1080\" \/>\n\t<meta property=\"og:image:type\" content=\"image\/png\" \/>\n<meta name=\"twitter:card\" content=\"summary_large_image\" \/>\n<script type=\"application\/ld+json\" class=\"yoast-schema-graph\">{\"@context\":\"https:\/\/schema.org\",\"@graph\":[{\"@type\":\"WebPage\",\"@id\":\"https:\/\/agatakulbicka.pl\/index.php\/ebook\/\",\"url\":\"https:\/\/agatakulbicka.pl\/index.php\/ebook\/\",\"name\":\"EBOOK - Agata Kulbicka\",\"isPartOf\":{\"@id\":\"https:\/\/agatakulbicka.pl\/#website\"},\"primaryImageOfPage\":{\"@id\":\"https:\/\/agatakulbicka.pl\/index.php\/ebook\/#primaryimage\"},\"image\":{\"@id\":\"https:\/\/agatakulbicka.pl\/index.php\/ebook\/#primaryimage\"},\"thumbnailUrl\":\"https:\/\/agatakulbicka.pl\/wp-content\/uploads\/2024\/09\/1Ebook_phone_444_BEZ_TLA-1024x1024.png\",\"datePublished\":\"2024-09-06T11:23:26+00:00\",\"dateModified\":\"2024-10-26T04:18:24+00:00\",\"breadcrumb\":{\"@id\":\"https:\/\/agatakulbicka.pl\/index.php\/ebook\/#breadcrumb\"},\"inLanguage\":\"pl-PL\",\"potentialAction\":[{\"@type\":\"ReadAction\",\"target\":[\"https:\/\/agatakulbicka.pl\/index.php\/ebook\/\"]}]},{\"@type\":\"ImageObject\",\"inLanguage\":\"pl-PL\",\"@id\":\"https:\/\/agatakulbicka.pl\/index.php\/ebook\/#primaryimage\",\"url\":\"https:\/\/agatakulbicka.pl\/wp-content\/uploads\/2024\/09\/1Ebook_phone_444_BEZ_TLA.png\",\"contentUrl\":\"https:\/\/agatakulbicka.pl\/wp-content\/uploads\/2024\/09\/1Ebook_phone_444_BEZ_TLA.png\",\"width\":1080,\"height\":1080},{\"@type\":\"BreadcrumbList\",\"@id\":\"https:\/\/agatakulbicka.pl\/index.php\/ebook\/#breadcrumb\",\"itemListElement\":[{\"@type\":\"ListItem\",\"position\":1,\"name\":\"Strona g\u0142\u00f3wna\",\"item\":\"https:\/\/agatakulbicka.pl\/\"},{\"@type\":\"ListItem\",\"position\":2,\"name\":\"EBOOK\"}]},{\"@type\":\"WebSite\",\"@id\":\"https:\/\/agatakulbicka.pl\/#website\",\"url\":\"https:\/\/agatakulbicka.pl\/\",\"name\":\"Agata Kulbicka - Autorka Fantastyki Naukowej\",\"description\":\"Autorka Fantastyki Naukowej\",\"potentialAction\":[{\"@type\":\"SearchAction\",\"target\":{\"@type\":\"EntryPoint\",\"urlTemplate\":\"https:\/\/agatakulbicka.pl\/?s={search_term_string}\"},\"query-input\":{\"@type\":\"PropertyValueSpecification\",\"valueRequired\":true,\"valueName\":\"search_term_string\"}}],\"inLanguage\":\"pl-PL\"}]}<\/script>\n<!-- \/ Yoast SEO plugin. -->","yoast_head_json":{"title":"EBOOK - Agata Kulbicka","robots":{"index":"index","follow":"follow","max-snippet":"max-snippet:-1","max-image-preview":"max-image-preview:large","max-video-preview":"max-video-preview:-1"},"canonical":"https:\/\/agatakulbicka.pl\/index.php\/ebook\/","og_locale":"pl_PL","og_type":"article","og_title":"EBOOK - Agata Kulbicka","og_description":"Czytaj jak lubisz! Dost\u0119pne w: \u2799 Legimi \u2799 Empik.com \u2799 EbookPoint Wolisz wersj\u0119 papierow\u0105? &gt;&gt;ZAM\u00d3W TU&lt;&lt; Tytu\u0142: JESTE\u015aMY SAMI Autorka: Agata Kulbicka Data premiery: 26.10.2024 r. Liczba stron: 200 Oprawa: mi\u0119kka Formaty: EPUB, MOBI, PDF ISBN: 978-83-972251-1-4, 978-83-972251-2-1","og_url":"https:\/\/agatakulbicka.pl\/index.php\/ebook\/","og_site_name":"Agata Kulbicka","article_publisher":"https:\/\/www.facebook.com\/kulbicka.agata\/","article_modified_time":"2024-10-26T04:18:24+00:00","og_image":[{"width":1080,"height":1080,"url":"https:\/\/agatakulbicka.pl\/wp-content\/uploads\/2024\/09\/1Ebook_phone_444_BEZ_TLA.png","type":"image\/png"}],"twitter_card":"summary_large_image","schema":{"@context":"https:\/\/schema.org","@graph":[{"@type":"WebPage","@id":"https:\/\/agatakulbicka.pl\/index.php\/ebook\/","url":"https:\/\/agatakulbicka.pl\/index.php\/ebook\/","name":"EBOOK - Agata Kulbicka","isPartOf":{"@id":"https:\/\/agatakulbicka.pl\/#website"},"primaryImageOfPage":{"@id":"https:\/\/agatakulbicka.pl\/index.php\/ebook\/#primaryimage"},"image":{"@id":"https:\/\/agatakulbicka.pl\/index.php\/ebook\/#primaryimage"},"thumbnailUrl":"https:\/\/agatakulbicka.pl\/wp-content\/uploads\/2024\/09\/1Ebook_phone_444_BEZ_TLA-1024x1024.png","datePublished":"2024-09-06T11:23:26+00:00","dateModified":"2024-10-26T04:18:24+00:00","breadcrumb":{"@id":"https:\/\/agatakulbicka.pl\/index.php\/ebook\/#breadcrumb"},"inLanguage":"pl-PL","potentialAction":[{"@type":"ReadAction","target":["https:\/\/agatakulbicka.pl\/index.php\/ebook\/"]}]},{"@type":"ImageObject","inLanguage":"pl-PL","@id":"https:\/\/agatakulbicka.pl\/index.php\/ebook\/#primaryimage","url":"https:\/\/agatakulbicka.pl\/wp-content\/uploads\/2024\/09\/1Ebook_phone_444_BEZ_TLA.png","contentUrl":"https:\/\/agatakulbicka.pl\/wp-content\/uploads\/2024\/09\/1Ebook_phone_444_BEZ_TLA.png","width":1080,"height":1080},{"@type":"BreadcrumbList","@id":"https:\/\/agatakulbicka.pl\/index.php\/ebook\/#breadcrumb","itemListElement":[{"@type":"ListItem","position":1,"name":"Strona g\u0142\u00f3wna","item":"https:\/\/agatakulbicka.pl\/"},{"@type":"ListItem","position":2,"name":"EBOOK"}]},{"@type":"WebSite","@id":"https:\/\/agatakulbicka.pl\/#website","url":"https:\/\/agatakulbicka.pl\/","name":"Agata Kulbicka - Autorka Fantastyki Naukowej","description":"Autorka Fantastyki Naukowej","potentialAction":[{"@type":"SearchAction","target":{"@type":"EntryPoint","urlTemplate":"https:\/\/agatakulbicka.pl\/?s={search_term_string}"},"query-input":{"@type":"PropertyValueSpecification","valueRequired":true,"valueName":"search_term_string"}}],"inLanguage":"pl-PL"}]}},"_links":{"self":[{"href":"https:\/\/agatakulbicka.pl\/index.php\/wp-json\/wp\/v2\/pages\/465","targetHints":{"allow":["GET"]}}],"collection":[{"href":"https:\/\/agatakulbicka.pl\/index.php\/wp-json\/wp\/v2\/pages"}],"about":[{"href":"https:\/\/agatakulbicka.pl\/index.php\/wp-json\/wp\/v2\/types\/page"}],"author":[{"embeddable":true,"href":"https:\/\/agatakulbicka.pl\/index.php\/wp-json\/wp\/v2\/users\/1"}],"replies":[{"embeddable":true,"href":"https:\/\/agatakulbicka.pl\/index.php\/wp-json\/wp\/v2\/comments?post=465"}],"version-history":[{"count":34,"href":"https:\/\/agatakulbicka.pl\/index.php\/wp-json\/wp\/v2\/pages\/465\/revisions"}],"predecessor-version":[{"id":928,"href":"https:\/\/agatakulbicka.pl\/index.php\/wp-json\/wp\/v2\/pages\/465\/revisions\/928"}],"wp:attachment":[{"href":"https:\/\/agatakulbicka.pl\/index.php\/wp-json\/wp\/v2\/media?parent=465"}],"curies":[{"name":"wp","href":"https:\/\/api.w.org\/{rel}","templated":true}]}}