{"id":471,"date":"2024-09-06T11:25:58","date_gmt":"2024-09-06T11:25:58","guid":{"rendered":"https:\/\/agatakulbicka.pl\/?page_id=471"},"modified":"2024-09-16T19:05:31","modified_gmt":"2024-09-16T19:05:31","slug":"moja-ksiazka","status":"publish","type":"page","link":"https:\/\/agatakulbicka.pl\/index.php\/moja-ksiazka\/","title":{"rendered":"JESTE\u015aMY SAMI"},"content":{"rendered":"\n<div class=\"wp-block-columns is-layout-flex wp-container-core-columns-is-layout-9d6595d7 wp-block-columns-is-layout-flex\">\n<div class=\"wp-block-column is-layout-flow wp-block-column-is-layout-flow\">\n<figure class=\"wp-block-gallery has-nested-images columns-default is-cropped wp-block-gallery-1 is-layout-flex wp-block-gallery-is-layout-flex\">\n<figure class=\"wp-block-image size-large\"><img loading=\"lazy\" decoding=\"async\" width=\"1024\" height=\"1024\" data-id=\"649\" src=\"https:\/\/agatakulbicka.pl\/wp-content\/uploads\/2024\/09\/INSTA_wszystkie_formaty_02-1024x1024.png\" alt=\"\" class=\"wp-image-649\" srcset=\"https:\/\/agatakulbicka.pl\/wp-content\/uploads\/2024\/09\/INSTA_wszystkie_formaty_02-1024x1024.png 1024w, https:\/\/agatakulbicka.pl\/wp-content\/uploads\/2024\/09\/INSTA_wszystkie_formaty_02-250x250.png 250w, https:\/\/agatakulbicka.pl\/wp-content\/uploads\/2024\/09\/INSTA_wszystkie_formaty_02-100x100.png 100w, https:\/\/agatakulbicka.pl\/wp-content\/uploads\/2024\/09\/INSTA_wszystkie_formaty_02-400x400.png 400w, https:\/\/agatakulbicka.pl\/wp-content\/uploads\/2024\/09\/INSTA_wszystkie_formaty_02-300x300.png 300w, https:\/\/agatakulbicka.pl\/wp-content\/uploads\/2024\/09\/INSTA_wszystkie_formaty_02-150x150.png 150w, https:\/\/agatakulbicka.pl\/wp-content\/uploads\/2024\/09\/INSTA_wszystkie_formaty_02-768x768.png 768w, https:\/\/agatakulbicka.pl\/wp-content\/uploads\/2024\/09\/INSTA_wszystkie_formaty_02.png 1080w\" sizes=\"auto, (max-width: 709px) 85vw, (max-width: 909px) 67vw, (max-width: 1362px) 62vw, 840px\" \/><\/figure>\n<\/figure>\n<\/div>\n\n\n\n<div class=\"wp-block-column is-layout-flow wp-block-column-is-layout-flow\">\n<div class=\"wp-block-group is-vertical is-layout-flex wp-container-core-group-is-layout-68afab4e wp-block-group-is-layout-flex\">\n<figure class=\"wp-block-pullquote\"><blockquote><p>Jeszcze raz pos\u0142a\u0142em t\u0119skne spojrzenie ku g\u00f3rze. Oni wierz\u0105, \u017ce po \u015bmierci id\u0105 w\u0142a\u015bnie tam, do gwiazd.<br>Ja ju\u017c tam by\u0142em.<br>&#8222;Jeste\u015bmy sami. Planeta&#8221;, Agata Kulbicka<\/p><\/blockquote><\/figure>\n\n\n\n<p><\/p>\n\n\n\n<p class=\"has-text-align-center has-large-font-size\">Premiera 26.10.2024 r.<\/p>\n<\/div>\n<\/div>\n<\/div>\n\n\n\n<p><strong><em>Jeste\u015bmy sami<\/em><\/strong> to debiutancki zbi\u00f3r opowiada\u0144 fantastycznych konfrontuj\u0105cych czytelnika z ciemnymi stronami rzeczywisto\u015bci.<\/p>\n\n\n\n<p><strong>Co oznacza\u0142aby \u015bwiadomo\u015b\u0107 \u017cycia w symulacji? Ile cz\u0142owieka zostanie w cz\u0142owieku? Co si\u0119 stanie, gdy jedna Ziemia ju\u017c nie wystarczy? I czy istnieje granica, kt\u00f3rej nie odwa\u017cymy si\u0119 przekroczy\u0107 w celu realizacji marze\u0144?<\/strong><\/p>\n\n\n\n<p>Poprzez swoje historie autorka zaprasza czytelnika do dialogu, do podr\u00f3\u017cy \u2014 przez czas i gwiazdy \u2014 w poszukiwaniu odpowiedzi.<\/p>\n\n\n\n<p><strong>Kto odwa\u017cy si\u0119 podj\u0105\u0107 to wyzwanie i przej\u015b\u0107 na drug\u0105 stron\u0119 lustra, by sprawdzi\u0107, czy w jego czarnej tafli odbija si\u0119 co\u015b wi\u0119cej ni\u017c tylko my sami?<\/strong><\/p>\n","protected":false},"excerpt":{"rendered":"<p>Jeszcze raz pos\u0142a\u0142em t\u0119skne spojrzenie ku g\u00f3rze. Oni wierz\u0105, \u017ce po \u015bmierci id\u0105 w\u0142a\u015bnie tam, do gwiazd.Ja ju\u017c tam by\u0142em.&#8222;Jeste\u015bmy sami. Planeta&#8221;, Agata Kulbicka Premiera 26.10.2024 r. Jeste\u015bmy sami to debiutancki zbi\u00f3r opowiada\u0144 fantastycznych konfrontuj\u0105cych czytelnika z ciemnymi stronami rzeczywisto\u015bci. Co oznacza\u0142aby \u015bwiadomo\u015b\u0107 \u017cycia w symulacji? Ile cz\u0142owieka zostanie w cz\u0142owieku? Co si\u0119 stanie, gdy &hellip; <a href=\"https:\/\/agatakulbicka.pl\/index.php\/moja-ksiazka\/\" class=\"more-link\">Czytaj dalej<span class=\"screen-reader-text\"> \u201eJESTE\u015aMY SAMI\u201d<\/span><\/a><\/p>\n","protected":false},"author":1,"featured_media":0,"parent":0,"menu_order":0,"comment_status":"closed","ping_status":"closed","template":"","meta":{"footnotes":""},"class_list":["post-471","page","type-page","status-publish","hentry"],"yoast_head":"<!-- This site is optimized with the Yoast SEO plugin v26.2 - https:\/\/yoast.com\/wordpress\/plugins\/seo\/ -->\n<title>JESTE\u015aMY SAMI - Agata Kulbicka<\/title>\n<meta name=\"robots\" content=\"index, follow, max-snippet:-1, max-image-preview:large, max-video-preview:-1\" \/>\n<link rel=\"canonical\" href=\"https:\/\/agatakulbicka.pl\/index.php\/moja-ksiazka\/\" \/>\n<meta property=\"og:locale\" content=\"pl_PL\" \/>\n<meta property=\"og:type\" content=\"article\" \/>\n<meta property=\"og:title\" content=\"JESTE\u015aMY SAMI - Agata Kulbicka\" \/>\n<meta property=\"og:description\" content=\"Jeszcze raz pos\u0142a\u0142em t\u0119skne spojrzenie ku g\u00f3rze. Oni wierz\u0105, \u017ce po \u015bmierci id\u0105 w\u0142a\u015bnie tam, do gwiazd.Ja ju\u017c tam by\u0142em.&#8222;Jeste\u015bmy sami. Planeta&#8221;, Agata Kulbicka Premiera 26.10.2024 r. Jeste\u015bmy sami to debiutancki zbi\u00f3r opowiada\u0144 fantastycznych konfrontuj\u0105cych czytelnika z ciemnymi stronami rzeczywisto\u015bci. Co oznacza\u0142aby \u015bwiadomo\u015b\u0107 \u017cycia w symulacji? Ile cz\u0142owieka zostanie w cz\u0142owieku? Co si\u0119 stanie, gdy &hellip; Czytaj dalej \u201eJESTE\u015aMY SAMI\u201d\" \/>\n<meta property=\"og:url\" content=\"https:\/\/agatakulbicka.pl\/index.php\/moja-ksiazka\/\" \/>\n<meta property=\"og:site_name\" content=\"Agata Kulbicka\" \/>\n<meta property=\"article:publisher\" content=\"https:\/\/www.facebook.com\/kulbicka.agata\/\" \/>\n<meta property=\"article:modified_time\" content=\"2024-09-16T19:05:31+00:00\" \/>\n<meta property=\"og:image\" content=\"https:\/\/agatakulbicka.pl\/wp-content\/uploads\/2024\/09\/INSTA_wszystkie_formaty_02.png\" \/>\n\t<meta property=\"og:image:width\" content=\"1080\" \/>\n\t<meta property=\"og:image:height\" content=\"1080\" \/>\n\t<meta property=\"og:image:type\" content=\"image\/png\" \/>\n<meta name=\"twitter:card\" content=\"summary_large_image\" \/>\n<meta name=\"twitter:label1\" content=\"Szacowany czas czytania\" \/>\n\t<meta name=\"twitter:data1\" content=\"1 minuta\" \/>\n<script type=\"application\/ld+json\" class=\"yoast-schema-graph\">{\"@context\":\"https:\/\/schema.org\",\"@graph\":[{\"@type\":\"WebPage\",\"@id\":\"https:\/\/agatakulbicka.pl\/index.php\/moja-ksiazka\/\",\"url\":\"https:\/\/agatakulbicka.pl\/index.php\/moja-ksiazka\/\",\"name\":\"JESTE\u015aMY SAMI - Agata Kulbicka\",\"isPartOf\":{\"@id\":\"https:\/\/agatakulbicka.pl\/#website\"},\"primaryImageOfPage\":{\"@id\":\"https:\/\/agatakulbicka.pl\/index.php\/moja-ksiazka\/#primaryimage\"},\"image\":{\"@id\":\"https:\/\/agatakulbicka.pl\/index.php\/moja-ksiazka\/#primaryimage\"},\"thumbnailUrl\":\"https:\/\/agatakulbicka.pl\/wp-content\/uploads\/2024\/09\/INSTA_wszystkie_formaty_02-1024x1024.png\",\"datePublished\":\"2024-09-06T11:25:58+00:00\",\"dateModified\":\"2024-09-16T19:05:31+00:00\",\"breadcrumb\":{\"@id\":\"https:\/\/agatakulbicka.pl\/index.php\/moja-ksiazka\/#breadcrumb\"},\"inLanguage\":\"pl-PL\",\"potentialAction\":[{\"@type\":\"ReadAction\",\"target\":[\"https:\/\/agatakulbicka.pl\/index.php\/moja-ksiazka\/\"]}]},{\"@type\":\"ImageObject\",\"inLanguage\":\"pl-PL\",\"@id\":\"https:\/\/agatakulbicka.pl\/index.php\/moja-ksiazka\/#primaryimage\",\"url\":\"https:\/\/agatakulbicka.pl\/wp-content\/uploads\/2024\/09\/INSTA_wszystkie_formaty_02.png\",\"contentUrl\":\"https:\/\/agatakulbicka.pl\/wp-content\/uploads\/2024\/09\/INSTA_wszystkie_formaty_02.png\",\"width\":1080,\"height\":1080},{\"@type\":\"BreadcrumbList\",\"@id\":\"https:\/\/agatakulbicka.pl\/index.php\/moja-ksiazka\/#breadcrumb\",\"itemListElement\":[{\"@type\":\"ListItem\",\"position\":1,\"name\":\"Strona g\u0142\u00f3wna\",\"item\":\"https:\/\/agatakulbicka.pl\/\"},{\"@type\":\"ListItem\",\"position\":2,\"name\":\"JESTE\u015aMY SAMI\"}]},{\"@type\":\"WebSite\",\"@id\":\"https:\/\/agatakulbicka.pl\/#website\",\"url\":\"https:\/\/agatakulbicka.pl\/\",\"name\":\"Agata Kulbicka - Autorka Fantastyki Naukowej\",\"description\":\"Autorka Fantastyki Naukowej\",\"potentialAction\":[{\"@type\":\"SearchAction\",\"target\":{\"@type\":\"EntryPoint\",\"urlTemplate\":\"https:\/\/agatakulbicka.pl\/?s={search_term_string}\"},\"query-input\":{\"@type\":\"PropertyValueSpecification\",\"valueRequired\":true,\"valueName\":\"search_term_string\"}}],\"inLanguage\":\"pl-PL\"}]}<\/script>\n<!-- \/ Yoast SEO plugin. -->","yoast_head_json":{"title":"JESTE\u015aMY SAMI - Agata Kulbicka","robots":{"index":"index","follow":"follow","max-snippet":"max-snippet:-1","max-image-preview":"max-image-preview:large","max-video-preview":"max-video-preview:-1"},"canonical":"https:\/\/agatakulbicka.pl\/index.php\/moja-ksiazka\/","og_locale":"pl_PL","og_type":"article","og_title":"JESTE\u015aMY SAMI - Agata Kulbicka","og_description":"Jeszcze raz pos\u0142a\u0142em t\u0119skne spojrzenie ku g\u00f3rze. Oni wierz\u0105, \u017ce po \u015bmierci id\u0105 w\u0142a\u015bnie tam, do gwiazd.Ja ju\u017c tam by\u0142em.&#8222;Jeste\u015bmy sami. Planeta&#8221;, Agata Kulbicka Premiera 26.10.2024 r. Jeste\u015bmy sami to debiutancki zbi\u00f3r opowiada\u0144 fantastycznych konfrontuj\u0105cych czytelnika z ciemnymi stronami rzeczywisto\u015bci. Co oznacza\u0142aby \u015bwiadomo\u015b\u0107 \u017cycia w symulacji? Ile cz\u0142owieka zostanie w cz\u0142owieku? Co si\u0119 stanie, gdy &hellip; Czytaj dalej \u201eJESTE\u015aMY SAMI\u201d","og_url":"https:\/\/agatakulbicka.pl\/index.php\/moja-ksiazka\/","og_site_name":"Agata Kulbicka","article_publisher":"https:\/\/www.facebook.com\/kulbicka.agata\/","article_modified_time":"2024-09-16T19:05:31+00:00","og_image":[{"width":1080,"height":1080,"url":"https:\/\/agatakulbicka.pl\/wp-content\/uploads\/2024\/09\/INSTA_wszystkie_formaty_02.png","type":"image\/png"}],"twitter_card":"summary_large_image","twitter_misc":{"Szacowany czas czytania":"1 minuta"},"schema":{"@context":"https:\/\/schema.org","@graph":[{"@type":"WebPage","@id":"https:\/\/agatakulbicka.pl\/index.php\/moja-ksiazka\/","url":"https:\/\/agatakulbicka.pl\/index.php\/moja-ksiazka\/","name":"JESTE\u015aMY SAMI - Agata Kulbicka","isPartOf":{"@id":"https:\/\/agatakulbicka.pl\/#website"},"primaryImageOfPage":{"@id":"https:\/\/agatakulbicka.pl\/index.php\/moja-ksiazka\/#primaryimage"},"image":{"@id":"https:\/\/agatakulbicka.pl\/index.php\/moja-ksiazka\/#primaryimage"},"thumbnailUrl":"https:\/\/agatakulbicka.pl\/wp-content\/uploads\/2024\/09\/INSTA_wszystkie_formaty_02-1024x1024.png","datePublished":"2024-09-06T11:25:58+00:00","dateModified":"2024-09-16T19:05:31+00:00","breadcrumb":{"@id":"https:\/\/agatakulbicka.pl\/index.php\/moja-ksiazka\/#breadcrumb"},"inLanguage":"pl-PL","potentialAction":[{"@type":"ReadAction","target":["https:\/\/agatakulbicka.pl\/index.php\/moja-ksiazka\/"]}]},{"@type":"ImageObject","inLanguage":"pl-PL","@id":"https:\/\/agatakulbicka.pl\/index.php\/moja-ksiazka\/#primaryimage","url":"https:\/\/agatakulbicka.pl\/wp-content\/uploads\/2024\/09\/INSTA_wszystkie_formaty_02.png","contentUrl":"https:\/\/agatakulbicka.pl\/wp-content\/uploads\/2024\/09\/INSTA_wszystkie_formaty_02.png","width":1080,"height":1080},{"@type":"BreadcrumbList","@id":"https:\/\/agatakulbicka.pl\/index.php\/moja-ksiazka\/#breadcrumb","itemListElement":[{"@type":"ListItem","position":1,"name":"Strona g\u0142\u00f3wna","item":"https:\/\/agatakulbicka.pl\/"},{"@type":"ListItem","position":2,"name":"JESTE\u015aMY SAMI"}]},{"@type":"WebSite","@id":"https:\/\/agatakulbicka.pl\/#website","url":"https:\/\/agatakulbicka.pl\/","name":"Agata Kulbicka - Autorka Fantastyki Naukowej","description":"Autorka Fantastyki Naukowej","potentialAction":[{"@type":"SearchAction","target":{"@type":"EntryPoint","urlTemplate":"https:\/\/agatakulbicka.pl\/?s={search_term_string}"},"query-input":{"@type":"PropertyValueSpecification","valueRequired":true,"valueName":"search_term_string"}}],"inLanguage":"pl-PL"}]}},"_links":{"self":[{"href":"https:\/\/agatakulbicka.pl\/index.php\/wp-json\/wp\/v2\/pages\/471","targetHints":{"allow":["GET"]}}],"collection":[{"href":"https:\/\/agatakulbicka.pl\/index.php\/wp-json\/wp\/v2\/pages"}],"about":[{"href":"https:\/\/agatakulbicka.pl\/index.php\/wp-json\/wp\/v2\/types\/page"}],"author":[{"embeddable":true,"href":"https:\/\/agatakulbicka.pl\/index.php\/wp-json\/wp\/v2\/users\/1"}],"replies":[{"embeddable":true,"href":"https:\/\/agatakulbicka.pl\/index.php\/wp-json\/wp\/v2\/comments?post=471"}],"version-history":[{"count":20,"href":"https:\/\/agatakulbicka.pl\/index.php\/wp-json\/wp\/v2\/pages\/471\/revisions"}],"predecessor-version":[{"id":697,"href":"https:\/\/agatakulbicka.pl\/index.php\/wp-json\/wp\/v2\/pages\/471\/revisions\/697"}],"wp:attachment":[{"href":"https:\/\/agatakulbicka.pl\/index.php\/wp-json\/wp\/v2\/media?parent=471"}],"curies":[{"name":"wp","href":"https:\/\/api.w.org\/{rel}","templated":true}]}}