{"id":8,"date":"2024-04-20T09:30:28","date_gmt":"2024-04-20T09:30:28","guid":{"rendered":"http:\/\/agatakulbicka.pl\/?page_id=8"},"modified":"2025-02-03T17:07:07","modified_gmt":"2025-02-03T17:07:07","slug":"agata-kulbicka","status":"publish","type":"page","link":"https:\/\/agatakulbicka.pl\/","title":{"rendered":""},"content":{"rendered":"\n<p class=\"has-text-align-center has-large-font-size\" id=\"bookAvailable\" id=\"bookAvailable\">Ksi\u0105\u017cka jest ju\u017c dost\u0119pna!<\/p>\n\n\n\n<div class=\"wp-block-columns is-layout-flex wp-container-core-columns-is-layout-9d6595d7 wp-block-columns-is-layout-flex\">\n<div class=\"wp-block-column is-layout-flow wp-block-column-is-layout-flow\">\n<figure class=\"wp-block-gallery has-nested-images columns-default is-cropped wp-block-gallery-1 is-layout-flex wp-block-gallery-is-layout-flex\">\n<figure class=\"wp-block-image size-large\"><img loading=\"lazy\" decoding=\"async\" width=\"977\" height=\"1024\" data-id=\"940\" src=\"https:\/\/agatakulbicka.pl\/wp-content\/uploads\/2024\/10\/moja_okladka_0-1-977x1024.png\" alt=\"\" class=\"wp-image-940\" srcset=\"https:\/\/agatakulbicka.pl\/wp-content\/uploads\/2024\/10\/moja_okladka_0-1-977x1024.png 977w, https:\/\/agatakulbicka.pl\/wp-content\/uploads\/2024\/10\/moja_okladka_0-1-250x262.png 250w, https:\/\/agatakulbicka.pl\/wp-content\/uploads\/2024\/10\/moja_okladka_0-1-400x419.png 400w, https:\/\/agatakulbicka.pl\/wp-content\/uploads\/2024\/10\/moja_okladka_0-1-286x300.png 286w, https:\/\/agatakulbicka.pl\/wp-content\/uploads\/2024\/10\/moja_okladka_0-1-768x805.png 768w, https:\/\/agatakulbicka.pl\/wp-content\/uploads\/2024\/10\/moja_okladka_0-1-1466x1536.png 1466w, https:\/\/agatakulbicka.pl\/wp-content\/uploads\/2024\/10\/moja_okladka_0-1-1200x1257.png 1200w, https:\/\/agatakulbicka.pl\/wp-content\/uploads\/2024\/10\/moja_okladka_0-1.png 1681w\" sizes=\"auto, (max-width: 709px) 85vw, (max-width: 909px) 67vw, (max-width: 1362px) 62vw, 840px\" \/><\/figure>\n<\/figure>\n<\/div>\n\n\n\n<div class=\"wp-block-column is-layout-flow wp-block-column-is-layout-flow\">\n<figure class=\"wp-block-gallery has-nested-images columns-default is-cropped wp-block-gallery-2 is-layout-flex wp-block-gallery-is-layout-flex\">\n<figure class=\"wp-block-image size-large\"><img loading=\"lazy\" decoding=\"async\" width=\"1024\" height=\"1024\" data-id=\"935\" src=\"https:\/\/agatakulbicka.pl\/wp-content\/uploads\/2024\/10\/INSTA_wszystkie_formaty_02-1-1024x1024.png\" alt=\"\" class=\"wp-image-935\" srcset=\"https:\/\/agatakulbicka.pl\/wp-content\/uploads\/2024\/10\/INSTA_wszystkie_formaty_02-1-1024x1024.png 1024w, https:\/\/agatakulbicka.pl\/wp-content\/uploads\/2024\/10\/INSTA_wszystkie_formaty_02-1-250x250.png 250w, https:\/\/agatakulbicka.pl\/wp-content\/uploads\/2024\/10\/INSTA_wszystkie_formaty_02-1-100x100.png 100w, https:\/\/agatakulbicka.pl\/wp-content\/uploads\/2024\/10\/INSTA_wszystkie_formaty_02-1-400x400.png 400w, https:\/\/agatakulbicka.pl\/wp-content\/uploads\/2024\/10\/INSTA_wszystkie_formaty_02-1-300x300.png 300w, https:\/\/agatakulbicka.pl\/wp-content\/uploads\/2024\/10\/INSTA_wszystkie_formaty_02-1-150x150.png 150w, https:\/\/agatakulbicka.pl\/wp-content\/uploads\/2024\/10\/INSTA_wszystkie_formaty_02-1-768x768.png 768w, https:\/\/agatakulbicka.pl\/wp-content\/uploads\/2024\/10\/INSTA_wszystkie_formaty_02-1.png 1080w\" sizes=\"auto, (max-width: 709px) 85vw, (max-width: 909px) 67vw, (max-width: 1362px) 62vw, 840px\" \/><\/figure>\n<\/figure>\n<\/div>\n<\/div>\n\n\n\n<div class=\"wp-block-columns is-layout-flex wp-container-core-columns-is-layout-9d6595d7 wp-block-columns-is-layout-flex\">\n<div class=\"wp-block-column is-layout-flow wp-block-column-is-layout-flow\">\n<p class=\"has-text-align-center has-large-font-size\" id=\"orderLink\"><a href=\"https:\/\/agatakulbicka.pl\/index.php\/zamow\/\" data-type=\"page\" data-id=\"160\">ZAM\u00d3W PAPIER<\/a><\/p>\n<\/div>\n\n\n\n<div class=\"wp-block-column is-layout-flow wp-block-column-is-layout-flow\">\n<p class=\"has-text-align-center has-large-font-size\" id=\"ebookLink\" ><a href=\"https:\/\/agatakulbicka.pl\/index.php\/ebook\/\" data-type=\"page\" data-id=\"465\">KUP EBOOK<\/a><\/p>\n<\/div>\n<\/div>\n\n\n\n<hr class=\"wp-block-separator has-alpha-channel-opacity\"\/>\n\n\n\n<p class=\"has-text-align-center has-medium-font-size\" style=\"text-transform:uppercase\">Gar\u015b\u0107 s\u0142\u00f3w od Recenzent\u00f3w:<\/p>\n\n\n\n\n\n\n<figure class=\"wp-block-pullquote\"><blockquote><p>Z ca\u0142ym impetem wpad\u0142em w zwierciad\u0142o. Pragn\u0105\u0142em rozbi\u0107 je na milion kawa\u0142k\u00f3w i ujrze\u0107 czarn\u0105, ziej\u0105c\u0105 za nim dziur\u0119. Ku mojemu zaskoczeniu nic takiego si\u0119 nie sta\u0142o. Nie by\u0142o \u015bciany. Nie by\u0142o dziury. Tam nie by\u0142o niczego.<\/p><cite>&#8222;Jeste\u015bmy sami. Wszech\u015bwiat Si\u00f3dmego&#8221;, Agata Kulbicka<\/cite><\/blockquote><\/figure>\n\n\n\n<div class=\"wp-block-columns is-layout-flex wp-container-core-columns-is-layout-9d6595d7 wp-block-columns-is-layout-flex\">\n<div class=\"wp-block-column is-layout-flow wp-block-column-is-layout-flow\">\n<figure class=\"wp-block-gallery has-nested-images columns-default is-cropped wp-block-gallery-3 is-layout-flex wp-block-gallery-is-layout-flex\">\n<figure class=\"wp-block-image size-full\"><img loading=\"lazy\" decoding=\"async\" width=\"634\" height=\"900\" data-id=\"631\" src=\"https:\/\/agatakulbicka.pl\/wp-content\/uploads\/2024\/09\/Jestesmy-sami_ebook-SM.png\" alt=\"\" class=\"wp-image-631\" srcset=\"https:\/\/agatakulbicka.pl\/wp-content\/uploads\/2024\/09\/Jestesmy-sami_ebook-SM.png 634w, https:\/\/agatakulbicka.pl\/wp-content\/uploads\/2024\/09\/Jestesmy-sami_ebook-SM-250x355.png 250w, https:\/\/agatakulbicka.pl\/wp-content\/uploads\/2024\/09\/Jestesmy-sami_ebook-SM-400x568.png 400w, https:\/\/agatakulbicka.pl\/wp-content\/uploads\/2024\/09\/Jestesmy-sami_ebook-SM-211x300.png 211w\" sizes=\"auto, (max-width: 634px) 85vw, 634px\" \/><\/figure>\n<\/figure>\n<\/div>\n\n\n\n<div class=\"wp-block-column is-layout-flow wp-block-column-is-layout-flow\">\n<p class=\"main-header has-large-font-size\" style=\"font-style:normal;font-weight:200;text-transform:uppercase\">Jeste\u015bmy sami<\/p>\n\n\n\n<div class=\"wp-block-group\"><div class=\"wp-block-group__inner-container is-layout-constrained wp-block-group-is-layout-constrained\">\n<div class=\"wp-block-group is-vertical is-layout-flex wp-container-core-group-is-layout-8cf370e7 wp-block-group-is-layout-flex\">\n<p>Debiutancki zbi\u00f3r opowiada\u0144 fantastycznych konfrontuj\u0105cych czytelnika z ciemnymi stronami rzeczywisto\u015bci.<\/p>\n<\/div>\n<\/div><\/div>\n\n\n\n<p><a href=\"https:\/\/agatakulbicka.pl\/index.php\/moja-ksiazka\/\" data-type=\"link\" data-id=\"https:\/\/agatakulbicka.pl\/index.php\/moja-ksiazka\/\">Czytaj wi\u0119cej&#8230;<\/a><\/p>\n<\/div>\n<\/div>\n\n\n\n<style>\n.main-header {\n    margin: 0;\n}\n#premiereDate, #premiere, #counter {\n  text-align: center;\n  font-size: 60px;\n  margin: 0px;\n}\n#counter {\n   margin: 60px;\n}\n\n#premiereTitle {\n  margin: 10px;\n font-size: 32px;\n}\n.link {\n    text-align: center;\n    display: flex;\n    align-items: center;\n    justify-content: center;\n    padding: 40px;\n    box-shadow: none !important;\n}\n\n.hidden {\n    display: none;\n}\n<\/style>\n\n\n\n<p><\/p>\n","protected":false},"excerpt":{"rendered":"<p>Ksi\u0105\u017cka jest ju\u017c dost\u0119pna! ZAM\u00d3W PAPIER KUP EBOOK Gar\u015b\u0107 s\u0142\u00f3w od Recenzent\u00f3w: Z ca\u0142ym impetem wpad\u0142em w zwierciad\u0142o. Pragn\u0105\u0142em rozbi\u0107 je na milion kawa\u0142k\u00f3w i ujrze\u0107 czarn\u0105, ziej\u0105c\u0105 za nim dziur\u0119. Ku mojemu zaskoczeniu nic takiego si\u0119 nie sta\u0142o. Nie by\u0142o \u015bciany. Nie by\u0142o dziury. Tam nie by\u0142o niczego. &#8222;Jeste\u015bmy sami. Wszech\u015bwiat Si\u00f3dmego&#8221;, Agata Kulbicka &hellip; <a href=\"https:\/\/agatakulbicka.pl\/\" class=\"more-link\">Czytaj dalej<span class=\"screen-reader-text\"> \u201e\u201d<\/span><\/a><\/p>\n","protected":false},"author":1,"featured_media":0,"parent":0,"menu_order":0,"comment_status":"closed","ping_status":"closed","template":"","meta":{"footnotes":""},"class_list":["post-8","page","type-page","status-publish","hentry"],"yoast_head":"<!-- This site is optimized with the Yoast SEO plugin v26.2 - https:\/\/yoast.com\/wordpress\/plugins\/seo\/ -->\n<title>- Agata Kulbicka<\/title>\n<meta name=\"description\" content=\"Strona autorska Agaty Kulbickiej \u2014 pisarki sci-fi. Zajrzyj, \u017ceby zapozna\u0107 si\u0119 z tw\u00f3rczo\u015bci\u0105 autorki i zakupi\u0107 jej ksi\u0105\u017ck\u0119 &quot;Jeste\u015bmy sami&quot;.\" \/>\n<meta name=\"robots\" content=\"index, follow, max-snippet:-1, max-image-preview:large, max-video-preview:-1\" \/>\n<link rel=\"canonical\" href=\"https:\/\/agatakulbicka.pl\/\" \/>\n<meta property=\"og:locale\" content=\"pl_PL\" \/>\n<meta property=\"og:type\" content=\"article\" \/>\n<meta property=\"og:title\" content=\"- Agata Kulbicka\" \/>\n<meta property=\"og:description\" content=\"Strona autorska Agaty Kulbickiej \u2014 pisarki sci-fi. Zajrzyj, \u017ceby zapozna\u0107 si\u0119 z tw\u00f3rczo\u015bci\u0105 autorki i zakupi\u0107 jej ksi\u0105\u017ck\u0119 &quot;Jeste\u015bmy sami&quot;.\" \/>\n<meta property=\"og:url\" content=\"https:\/\/agatakulbicka.pl\/\" \/>\n<meta property=\"og:site_name\" content=\"Agata Kulbicka\" \/>\n<meta property=\"article:publisher\" content=\"https:\/\/www.facebook.com\/kulbicka.agata\/\" \/>\n<meta property=\"article:modified_time\" content=\"2025-02-03T17:07:07+00:00\" \/>\n<meta property=\"og:image\" content=\"https:\/\/agatakulbicka.pl\/wp-content\/uploads\/2024\/10\/moja_okladka_0-1-977x1024.png\" \/>\n\t<meta property=\"og:image:width\" content=\"977\" \/>\n\t<meta property=\"og:image:height\" content=\"1024\" \/>\n\t<meta property=\"og:image:type\" content=\"image\/png\" \/>\n<meta name=\"twitter:card\" content=\"summary_large_image\" \/>\n<meta name=\"twitter:label1\" content=\"Szacowany czas czytania\" \/>\n\t<meta name=\"twitter:data1\" content=\"1 minuta\" \/>\n<script type=\"application\/ld+json\" class=\"yoast-schema-graph\">{\"@context\":\"https:\/\/schema.org\",\"@graph\":[{\"@type\":\"WebPage\",\"@id\":\"https:\/\/agatakulbicka.pl\/\",\"url\":\"https:\/\/agatakulbicka.pl\/\",\"name\":\"- Agata Kulbicka\",\"isPartOf\":{\"@id\":\"https:\/\/agatakulbicka.pl\/#website\"},\"primaryImageOfPage\":{\"@id\":\"https:\/\/agatakulbicka.pl\/#primaryimage\"},\"image\":{\"@id\":\"https:\/\/agatakulbicka.pl\/#primaryimage\"},\"thumbnailUrl\":\"https:\/\/agatakulbicka.pl\/wp-content\/uploads\/2024\/10\/moja_okladka_0-1-977x1024.png\",\"datePublished\":\"2024-04-20T09:30:28+00:00\",\"dateModified\":\"2025-02-03T17:07:07+00:00\",\"description\":\"Strona autorska Agaty Kulbickiej \u2014 pisarki sci-fi. Zajrzyj, \u017ceby zapozna\u0107 si\u0119 z tw\u00f3rczo\u015bci\u0105 autorki i zakupi\u0107 jej ksi\u0105\u017ck\u0119 \\\"Jeste\u015bmy sami\\\".\",\"inLanguage\":\"pl-PL\",\"potentialAction\":[{\"@type\":\"ReadAction\",\"target\":[\"https:\/\/agatakulbicka.pl\/\"]}]},{\"@type\":\"ImageObject\",\"inLanguage\":\"pl-PL\",\"@id\":\"https:\/\/agatakulbicka.pl\/#primaryimage\",\"url\":\"https:\/\/agatakulbicka.pl\/wp-content\/uploads\/2024\/10\/moja_okladka_0-1.png\",\"contentUrl\":\"https:\/\/agatakulbicka.pl\/wp-content\/uploads\/2024\/10\/moja_okladka_0-1.png\",\"width\":1681,\"height\":1761},{\"@type\":\"WebSite\",\"@id\":\"https:\/\/agatakulbicka.pl\/#website\",\"url\":\"https:\/\/agatakulbicka.pl\/\",\"name\":\"Agata Kulbicka - Autorka Fantastyki Naukowej\",\"description\":\"Autorka Fantastyki Naukowej\",\"potentialAction\":[{\"@type\":\"SearchAction\",\"target\":{\"@type\":\"EntryPoint\",\"urlTemplate\":\"https:\/\/agatakulbicka.pl\/?s={search_term_string}\"},\"query-input\":{\"@type\":\"PropertyValueSpecification\",\"valueRequired\":true,\"valueName\":\"search_term_string\"}}],\"inLanguage\":\"pl-PL\"}]}<\/script>\n<!-- \/ Yoast SEO plugin. -->","yoast_head_json":{"title":"- Agata Kulbicka","description":"Strona autorska Agaty Kulbickiej \u2014 pisarki sci-fi. Zajrzyj, \u017ceby zapozna\u0107 si\u0119 z tw\u00f3rczo\u015bci\u0105 autorki i zakupi\u0107 jej ksi\u0105\u017ck\u0119 \"Jeste\u015bmy sami\".","robots":{"index":"index","follow":"follow","max-snippet":"max-snippet:-1","max-image-preview":"max-image-preview:large","max-video-preview":"max-video-preview:-1"},"canonical":"https:\/\/agatakulbicka.pl\/","og_locale":"pl_PL","og_type":"article","og_title":"- Agata Kulbicka","og_description":"Strona autorska Agaty Kulbickiej \u2014 pisarki sci-fi. Zajrzyj, \u017ceby zapozna\u0107 si\u0119 z tw\u00f3rczo\u015bci\u0105 autorki i zakupi\u0107 jej ksi\u0105\u017ck\u0119 \"Jeste\u015bmy sami\".","og_url":"https:\/\/agatakulbicka.pl\/","og_site_name":"Agata Kulbicka","article_publisher":"https:\/\/www.facebook.com\/kulbicka.agata\/","article_modified_time":"2025-02-03T17:07:07+00:00","og_image":[{"width":977,"height":1024,"url":"https:\/\/agatakulbicka.pl\/wp-content\/uploads\/2024\/10\/moja_okladka_0-1-977x1024.png","type":"image\/png"}],"twitter_card":"summary_large_image","twitter_misc":{"Szacowany czas czytania":"1 minuta"},"schema":{"@context":"https:\/\/schema.org","@graph":[{"@type":"WebPage","@id":"https:\/\/agatakulbicka.pl\/","url":"https:\/\/agatakulbicka.pl\/","name":"- Agata Kulbicka","isPartOf":{"@id":"https:\/\/agatakulbicka.pl\/#website"},"primaryImageOfPage":{"@id":"https:\/\/agatakulbicka.pl\/#primaryimage"},"image":{"@id":"https:\/\/agatakulbicka.pl\/#primaryimage"},"thumbnailUrl":"https:\/\/agatakulbicka.pl\/wp-content\/uploads\/2024\/10\/moja_okladka_0-1-977x1024.png","datePublished":"2024-04-20T09:30:28+00:00","dateModified":"2025-02-03T17:07:07+00:00","description":"Strona autorska Agaty Kulbickiej \u2014 pisarki sci-fi. Zajrzyj, \u017ceby zapozna\u0107 si\u0119 z tw\u00f3rczo\u015bci\u0105 autorki i zakupi\u0107 jej ksi\u0105\u017ck\u0119 \"Jeste\u015bmy sami\".","inLanguage":"pl-PL","potentialAction":[{"@type":"ReadAction","target":["https:\/\/agatakulbicka.pl\/"]}]},{"@type":"ImageObject","inLanguage":"pl-PL","@id":"https:\/\/agatakulbicka.pl\/#primaryimage","url":"https:\/\/agatakulbicka.pl\/wp-content\/uploads\/2024\/10\/moja_okladka_0-1.png","contentUrl":"https:\/\/agatakulbicka.pl\/wp-content\/uploads\/2024\/10\/moja_okladka_0-1.png","width":1681,"height":1761},{"@type":"WebSite","@id":"https:\/\/agatakulbicka.pl\/#website","url":"https:\/\/agatakulbicka.pl\/","name":"Agata Kulbicka - Autorka Fantastyki Naukowej","description":"Autorka Fantastyki Naukowej","potentialAction":[{"@type":"SearchAction","target":{"@type":"EntryPoint","urlTemplate":"https:\/\/agatakulbicka.pl\/?s={search_term_string}"},"query-input":{"@type":"PropertyValueSpecification","valueRequired":true,"valueName":"search_term_string"}}],"inLanguage":"pl-PL"}]}},"_links":{"self":[{"href":"https:\/\/agatakulbicka.pl\/index.php\/wp-json\/wp\/v2\/pages\/8","targetHints":{"allow":["GET"]}}],"collection":[{"href":"https:\/\/agatakulbicka.pl\/index.php\/wp-json\/wp\/v2\/pages"}],"about":[{"href":"https:\/\/agatakulbicka.pl\/index.php\/wp-json\/wp\/v2\/types\/page"}],"author":[{"embeddable":true,"href":"https:\/\/agatakulbicka.pl\/index.php\/wp-json\/wp\/v2\/users\/1"}],"replies":[{"embeddable":true,"href":"https:\/\/agatakulbicka.pl\/index.php\/wp-json\/wp\/v2\/comments?post=8"}],"version-history":[{"count":183,"href":"https:\/\/agatakulbicka.pl\/index.php\/wp-json\/wp\/v2\/pages\/8\/revisions"}],"predecessor-version":[{"id":980,"href":"https:\/\/agatakulbicka.pl\/index.php\/wp-json\/wp\/v2\/pages\/8\/revisions\/980"}],"wp:attachment":[{"href":"https:\/\/agatakulbicka.pl\/index.php\/wp-json\/wp\/v2\/media?parent=8"}],"curies":[{"name":"wp","href":"https:\/\/api.w.org\/{rel}","templated":true}]}}