{"id":87,"date":"2024-04-20T13:23:40","date_gmt":"2024-04-20T13:23:40","guid":{"rendered":"http:\/\/agatakulbicka.pl\/?page_id=87"},"modified":"2024-09-17T19:05:40","modified_gmt":"2024-09-17T19:05:40","slug":"wspolpraca-i-kontakt","status":"publish","type":"page","link":"https:\/\/agatakulbicka.pl\/index.php\/wspolpraca-i-kontakt\/","title":{"rendered":"Zapraszam do kontaktu!"},"content":{"rendered":"\n<p>Cze\u015b\u0107! To jest to miejsce, w kt\u00f3rym zapewne poznamy si\u0119 nieco bli\u017cej \ud83d\ude42<br>Je\u017celi interesuje Ci\u0119 wsp\u00f3\u0142praca, masz jakie\u015b sugestie lub chcesz po prostu o co\u015b zapyta\u0107 albo pogada\u0107, ten formularz jest do Twojej dyspozycji. Pisz \u015bmia\u0142o, a mo\u017ce uda nam si\u0119 zrobi\u0107 razem co\u015b fajnego!<\/p>\n\n\n\n<span class=\"has-medium-font-size\" style=\"display: flex; align-items: center; gap: 8px;\"><img decoding=\"async\" draggable=\"false\" role=\"img\" class=\"emoji\" alt=\"\u2709\" src=\"https:\/\/s.w.org\/images\/core\/emoji\/15.0.3\/svg\/2709.svg\"> kontakt[at]agatakulbicka.pl<\/span><br\/>\n\n\n\n<p style=\"font-size:11px\">Informacje, kt\u00f3re mi prze\u015blesz, b\u0119d\u0105 s\u0142u\u017cy\u0142y mi wy\u0142\u0105cznie do nawi\u0105zania kontaktu z Tob\u0105 i odpowiedzenia na Twoj\u0105 wiadomo\u015b\u0107. Wi\u0119cej szczeg\u00f3\u0142\u00f3w znajdziesz w\u00a0<a href=\"https:\/\/agatakulbicka.pl\/index.php\/polityka-prywatnosci\/\" target=\"_blank\" rel=\"noreferrer noopener\">Polityce Prywatno\u015bci<\/a>.<\/p>\n\n\n\n<style>\n   #contactForm {\n\tdisplay: flex;\n\tflex-direction: column;\n        flex-wrap: wrap;\n\tgap: 15px;\n        justify-content: center;\n   }\n<\/style>\n","protected":false},"excerpt":{"rendered":"<p>Cze\u015b\u0107! To jest to miejsce, w kt\u00f3rym zapewne poznamy si\u0119 nieco bli\u017cej \ud83d\ude42Je\u017celi interesuje Ci\u0119 wsp\u00f3\u0142praca, masz jakie\u015b sugestie lub chcesz po prostu o co\u015b zapyta\u0107 albo pogada\u0107, ten formularz jest do Twojej dyspozycji. Pisz \u015bmia\u0142o, a mo\u017ce uda nam si\u0119 zrobi\u0107 razem co\u015b fajnego! kontakt[at]agatakulbicka.pl Informacje, kt\u00f3re mi prze\u015blesz, b\u0119d\u0105 s\u0142u\u017cy\u0142y mi wy\u0142\u0105cznie do &hellip; <a href=\"https:\/\/agatakulbicka.pl\/index.php\/wspolpraca-i-kontakt\/\" class=\"more-link\">Czytaj dalej<span class=\"screen-reader-text\"> \u201eZapraszam do kontaktu!\u201d<\/span><\/a><\/p>\n","protected":false},"author":1,"featured_media":0,"parent":0,"menu_order":0,"comment_status":"closed","ping_status":"closed","template":"","meta":{"footnotes":""},"class_list":["post-87","page","type-page","status-publish","hentry"],"yoast_head":"<!-- This site is optimized with the Yoast SEO plugin v26.2 - https:\/\/yoast.com\/wordpress\/plugins\/seo\/ -->\n<title>Zapraszam do kontaktu! - Agata Kulbicka<\/title>\n<meta name=\"robots\" content=\"index, follow, max-snippet:-1, max-image-preview:large, max-video-preview:-1\" \/>\n<link rel=\"canonical\" href=\"https:\/\/agatakulbicka.pl\/index.php\/wspolpraca-i-kontakt\/\" \/>\n<meta property=\"og:locale\" content=\"pl_PL\" \/>\n<meta property=\"og:type\" content=\"article\" \/>\n<meta property=\"og:title\" content=\"Zapraszam do kontaktu! - Agata Kulbicka\" \/>\n<meta property=\"og:description\" content=\"Cze\u015b\u0107! To jest to miejsce, w kt\u00f3rym zapewne poznamy si\u0119 nieco bli\u017cej \ud83d\ude42Je\u017celi interesuje Ci\u0119 wsp\u00f3\u0142praca, masz jakie\u015b sugestie lub chcesz po prostu o co\u015b zapyta\u0107 albo pogada\u0107, ten formularz jest do Twojej dyspozycji. Pisz \u015bmia\u0142o, a mo\u017ce uda nam si\u0119 zrobi\u0107 razem co\u015b fajnego! kontakt[at]agatakulbicka.pl Informacje, kt\u00f3re mi prze\u015blesz, b\u0119d\u0105 s\u0142u\u017cy\u0142y mi wy\u0142\u0105cznie do &hellip; Czytaj dalej \u201eZapraszam do kontaktu!\u201d\" \/>\n<meta property=\"og:url\" content=\"https:\/\/agatakulbicka.pl\/index.php\/wspolpraca-i-kontakt\/\" \/>\n<meta property=\"og:site_name\" content=\"Agata Kulbicka\" \/>\n<meta property=\"article:publisher\" content=\"https:\/\/www.facebook.com\/kulbicka.agata\/\" \/>\n<meta property=\"article:modified_time\" content=\"2024-09-17T19:05:40+00:00\" \/>\n<meta property=\"og:image\" content=\"https:\/\/s.w.org\/images\/core\/emoji\/15.0.3\/svg\/2709.svg\" \/>\n<meta name=\"twitter:card\" content=\"summary_large_image\" \/>\n<script type=\"application\/ld+json\" class=\"yoast-schema-graph\">{\"@context\":\"https:\/\/schema.org\",\"@graph\":[{\"@type\":\"WebPage\",\"@id\":\"https:\/\/agatakulbicka.pl\/index.php\/wspolpraca-i-kontakt\/\",\"url\":\"https:\/\/agatakulbicka.pl\/index.php\/wspolpraca-i-kontakt\/\",\"name\":\"Zapraszam do kontaktu! - Agata Kulbicka\",\"isPartOf\":{\"@id\":\"https:\/\/agatakulbicka.pl\/#website\"},\"primaryImageOfPage\":{\"@id\":\"https:\/\/agatakulbicka.pl\/index.php\/wspolpraca-i-kontakt\/#primaryimage\"},\"image\":{\"@id\":\"https:\/\/agatakulbicka.pl\/index.php\/wspolpraca-i-kontakt\/#primaryimage\"},\"thumbnailUrl\":\"https:\/\/s.w.org\/images\/core\/emoji\/15.0.3\/svg\/2709.svg\",\"datePublished\":\"2024-04-20T13:23:40+00:00\",\"dateModified\":\"2024-09-17T19:05:40+00:00\",\"breadcrumb\":{\"@id\":\"https:\/\/agatakulbicka.pl\/index.php\/wspolpraca-i-kontakt\/#breadcrumb\"},\"inLanguage\":\"pl-PL\",\"potentialAction\":[{\"@type\":\"ReadAction\",\"target\":[\"https:\/\/agatakulbicka.pl\/index.php\/wspolpraca-i-kontakt\/\"]}]},{\"@type\":\"ImageObject\",\"inLanguage\":\"pl-PL\",\"@id\":\"https:\/\/agatakulbicka.pl\/index.php\/wspolpraca-i-kontakt\/#primaryimage\",\"url\":\"https:\/\/s.w.org\/images\/core\/emoji\/15.0.3\/svg\/2709.svg\",\"contentUrl\":\"https:\/\/s.w.org\/images\/core\/emoji\/15.0.3\/svg\/2709.svg\"},{\"@type\":\"BreadcrumbList\",\"@id\":\"https:\/\/agatakulbicka.pl\/index.php\/wspolpraca-i-kontakt\/#breadcrumb\",\"itemListElement\":[{\"@type\":\"ListItem\",\"position\":1,\"name\":\"Strona g\u0142\u00f3wna\",\"item\":\"https:\/\/agatakulbicka.pl\/\"},{\"@type\":\"ListItem\",\"position\":2,\"name\":\"Zapraszam do kontaktu!\"}]},{\"@type\":\"WebSite\",\"@id\":\"https:\/\/agatakulbicka.pl\/#website\",\"url\":\"https:\/\/agatakulbicka.pl\/\",\"name\":\"Agata Kulbicka - Autorka Fantastyki Naukowej\",\"description\":\"Autorka Fantastyki Naukowej\",\"potentialAction\":[{\"@type\":\"SearchAction\",\"target\":{\"@type\":\"EntryPoint\",\"urlTemplate\":\"https:\/\/agatakulbicka.pl\/?s={search_term_string}\"},\"query-input\":{\"@type\":\"PropertyValueSpecification\",\"valueRequired\":true,\"valueName\":\"search_term_string\"}}],\"inLanguage\":\"pl-PL\"}]}<\/script>\n<!-- \/ Yoast SEO plugin. -->","yoast_head_json":{"title":"Zapraszam do kontaktu! - Agata Kulbicka","robots":{"index":"index","follow":"follow","max-snippet":"max-snippet:-1","max-image-preview":"max-image-preview:large","max-video-preview":"max-video-preview:-1"},"canonical":"https:\/\/agatakulbicka.pl\/index.php\/wspolpraca-i-kontakt\/","og_locale":"pl_PL","og_type":"article","og_title":"Zapraszam do kontaktu! - Agata Kulbicka","og_description":"Cze\u015b\u0107! To jest to miejsce, w kt\u00f3rym zapewne poznamy si\u0119 nieco bli\u017cej \ud83d\ude42Je\u017celi interesuje Ci\u0119 wsp\u00f3\u0142praca, masz jakie\u015b sugestie lub chcesz po prostu o co\u015b zapyta\u0107 albo pogada\u0107, ten formularz jest do Twojej dyspozycji. Pisz \u015bmia\u0142o, a mo\u017ce uda nam si\u0119 zrobi\u0107 razem co\u015b fajnego! kontakt[at]agatakulbicka.pl Informacje, kt\u00f3re mi prze\u015blesz, b\u0119d\u0105 s\u0142u\u017cy\u0142y mi wy\u0142\u0105cznie do &hellip; Czytaj dalej \u201eZapraszam do kontaktu!\u201d","og_url":"https:\/\/agatakulbicka.pl\/index.php\/wspolpraca-i-kontakt\/","og_site_name":"Agata Kulbicka","article_publisher":"https:\/\/www.facebook.com\/kulbicka.agata\/","article_modified_time":"2024-09-17T19:05:40+00:00","og_image":[{"url":"https:\/\/s.w.org\/images\/core\/emoji\/15.0.3\/svg\/2709.svg","type":"","width":"","height":""}],"twitter_card":"summary_large_image","schema":{"@context":"https:\/\/schema.org","@graph":[{"@type":"WebPage","@id":"https:\/\/agatakulbicka.pl\/index.php\/wspolpraca-i-kontakt\/","url":"https:\/\/agatakulbicka.pl\/index.php\/wspolpraca-i-kontakt\/","name":"Zapraszam do kontaktu! - Agata Kulbicka","isPartOf":{"@id":"https:\/\/agatakulbicka.pl\/#website"},"primaryImageOfPage":{"@id":"https:\/\/agatakulbicka.pl\/index.php\/wspolpraca-i-kontakt\/#primaryimage"},"image":{"@id":"https:\/\/agatakulbicka.pl\/index.php\/wspolpraca-i-kontakt\/#primaryimage"},"thumbnailUrl":"https:\/\/s.w.org\/images\/core\/emoji\/15.0.3\/svg\/2709.svg","datePublished":"2024-04-20T13:23:40+00:00","dateModified":"2024-09-17T19:05:40+00:00","breadcrumb":{"@id":"https:\/\/agatakulbicka.pl\/index.php\/wspolpraca-i-kontakt\/#breadcrumb"},"inLanguage":"pl-PL","potentialAction":[{"@type":"ReadAction","target":["https:\/\/agatakulbicka.pl\/index.php\/wspolpraca-i-kontakt\/"]}]},{"@type":"ImageObject","inLanguage":"pl-PL","@id":"https:\/\/agatakulbicka.pl\/index.php\/wspolpraca-i-kontakt\/#primaryimage","url":"https:\/\/s.w.org\/images\/core\/emoji\/15.0.3\/svg\/2709.svg","contentUrl":"https:\/\/s.w.org\/images\/core\/emoji\/15.0.3\/svg\/2709.svg"},{"@type":"BreadcrumbList","@id":"https:\/\/agatakulbicka.pl\/index.php\/wspolpraca-i-kontakt\/#breadcrumb","itemListElement":[{"@type":"ListItem","position":1,"name":"Strona g\u0142\u00f3wna","item":"https:\/\/agatakulbicka.pl\/"},{"@type":"ListItem","position":2,"name":"Zapraszam do kontaktu!"}]},{"@type":"WebSite","@id":"https:\/\/agatakulbicka.pl\/#website","url":"https:\/\/agatakulbicka.pl\/","name":"Agata Kulbicka - Autorka Fantastyki Naukowej","description":"Autorka Fantastyki Naukowej","potentialAction":[{"@type":"SearchAction","target":{"@type":"EntryPoint","urlTemplate":"https:\/\/agatakulbicka.pl\/?s={search_term_string}"},"query-input":{"@type":"PropertyValueSpecification","valueRequired":true,"valueName":"search_term_string"}}],"inLanguage":"pl-PL"}]}},"_links":{"self":[{"href":"https:\/\/agatakulbicka.pl\/index.php\/wp-json\/wp\/v2\/pages\/87","targetHints":{"allow":["GET"]}}],"collection":[{"href":"https:\/\/agatakulbicka.pl\/index.php\/wp-json\/wp\/v2\/pages"}],"about":[{"href":"https:\/\/agatakulbicka.pl\/index.php\/wp-json\/wp\/v2\/types\/page"}],"author":[{"embeddable":true,"href":"https:\/\/agatakulbicka.pl\/index.php\/wp-json\/wp\/v2\/users\/1"}],"replies":[{"embeddable":true,"href":"https:\/\/agatakulbicka.pl\/index.php\/wp-json\/wp\/v2\/comments?post=87"}],"version-history":[{"count":29,"href":"https:\/\/agatakulbicka.pl\/index.php\/wp-json\/wp\/v2\/pages\/87\/revisions"}],"predecessor-version":[{"id":742,"href":"https:\/\/agatakulbicka.pl\/index.php\/wp-json\/wp\/v2\/pages\/87\/revisions\/742"}],"wp:attachment":[{"href":"https:\/\/agatakulbicka.pl\/index.php\/wp-json\/wp\/v2\/media?parent=87"}],"curies":[{"name":"wp","href":"https:\/\/api.w.org\/{rel}","templated":true}]}}